{"id":23986,"date":"2025-09-24T12:12:00","date_gmt":"2025-09-24T10:12:00","guid":{"rendered":"https:\/\/sits.friendventure.dev\/?page_id=23986"},"modified":"2025-11-04T11:44:12","modified_gmt":"2025-11-04T10:44:12","slug":"digital-challenges","status":"publish","type":"page","link":"https:\/\/sits.friendventure.dev\/de\/digital-challenges\/","title":{"rendered":"Digital Challenges"},"content":{"rendered":"<section class=\"wpb-content-wrapper\"><p>[vc_row full_width=\"stretch_row_content_no_spaces\" el_id=\"header\"][vc_column]<div class=\"smx_global_spacer size-m\"><\/div>\n<div class=\"header\">\n\n            <div class=\"smx_global_spacer size-l\"><\/div>\n    \n\n<\/div>\n\n\n[\/vc_column][\/vc_row][vc_row][vc_column]\n<div class=\"media_center_slider_wrapper\">\n    <div class=\"media_center_slider_heading\">\n        <div class=\"headline h2\">\n        Digitale Herausforderungen meistern \u2013 mit Sicherheit und Weitblick    <\/div>\n    <div class=\"subheadline\">\n            <\/div>\n    <div class=\"text\">\n        Die digitale Welt ist voller Chancen \u2013 und voller Risiken. Cyberangriffe, Datenlecks und komplexe regulatorische Anforderungen sind l\u00e4ngst Realit\u00e4t. Gleichzeitig wachsen die Erwartungen an Effizienz, Innovation und Vernetzung. Viele Unternehmen stehen vor der Frage: Wie lassen sich diese Herausforderungen bew\u00e4ltigen, ohne Sicherheit und Vertrauen zu verlieren? Wir glauben: Die L\u00f6sung liegt in der richtigen Kombination. Wir zeigen Ihnen, wie sich digitale Herausforderungen durch das Zusammenspiel aus Cybersecurity, KI, Prozessoptimierung und strategischer Beratung nachhaltig l\u00f6sen lassen. Unsere Services greifen ineinander \u2013 und schaffen ein digitales Fundament, das sch\u00fctzt, st\u00e4rkt und Zukunft m\u00f6glich macht.    <\/div>\n<\/div>\n\n<div class=\"media-center-slider-controlls\">\n    <div class=\"se_slider_buttons\">\n        <div class=\"se_slider_prev \" style=\"\">\n            <img decoding=\"async\" src=\"\/wp-content\/uploads\/2024\/02\/arrow-black.svg\">\n        <\/div>\n        <div class=\"se_slider_next \">\n            <img decoding=\"async\" src=\"\/wp-content\/uploads\/2024\/02\/arrow-black.svg\">\n        <\/div>\n    <\/div>\n<\/div>\n\n<div class=\"media-center-slider\">\n\n            <a href=\"https:\/\/sits.friendventure.dev\/de\/digital-challenges\/healthcare-cyber-security\/\" class=\"slider_element\">\n            <div class=\"se_background\">\n                            <\/div>\n            \n            <div class=\"se_content\">\n                <div class=\"se_content_inner\">\n                    <div class=\"se_content_inner_text\">\n                        <div class=\"se_content_meta\">\n                            <div class=\"se_date\">\n                                                            <\/div>\n                        <\/div>\n                        <div class=\"se_content_headline\">\n                            Healthcare Cyber Security                        <\/div>\n                        <div class=\"se_readmore\">\n                            Mehr erfahren                        <\/div>\n                    <\/div>\n                <\/div>\n            <\/div>\n        <\/a>\n                <a href=\"https:\/\/sits.friendventure.dev\/de\/public\/\" class=\"slider_element\">\n            <div class=\"se_background\">\n                            <\/div>\n            \n            <div class=\"se_content\">\n                <div class=\"se_content_inner\">\n                    <div class=\"se_content_inner_text\">\n                        <div class=\"se_content_meta\">\n                            <div class=\"se_date\">\n                                                            <\/div>\n                        <\/div>\n                        <div class=\"se_content_headline\">\n                            Public                        <\/div>\n                        <div class=\"se_readmore\">\n                            Mehr erfahren                        <\/div>\n                    <\/div>\n                <\/div>\n            <\/div>\n        <\/a>\n                <a href=\"https:\/\/sits.friendventure.dev\/de\/elektronische-signaturen-fuer-die-oeffentliche-verwaltung\/\" class=\"slider_element\">\n            <div class=\"se_background\">\n                            <\/div>\n            \n            <div class=\"se_content\">\n                <div class=\"se_content_inner\">\n                    <div class=\"se_content_inner_text\">\n                        <div class=\"se_content_meta\">\n                            <div class=\"se_date\">\n                                                            <\/div>\n                        <\/div>\n                        <div class=\"se_content_headline\">\n                            Elektronische Signaturen f\u00fcr die \u00f6ffentliche Verwaltung                        <\/div>\n                        <div class=\"se_readmore\">\n                            Mehr erfahren                        <\/div>\n                    <\/div>\n                <\/div>\n            <\/div>\n        <\/a>\n                <a href=\"https:\/\/sits.friendventure.dev\/de\/cloud-security-platform\/\" class=\"slider_element\">\n            <div class=\"se_background\">\n                            <\/div>\n            \n            <div class=\"se_content\">\n                <div class=\"se_content_inner\">\n                    <div class=\"se_content_inner_text\">\n                        <div class=\"se_content_meta\">\n                            <div class=\"se_date\">\n                                                            <\/div>\n                        <\/div>\n                        <div class=\"se_content_headline\">\n                            Cloud Security Platform                        <\/div>\n                        <div class=\"se_readmore\">\n                            Mehr erfahren                        <\/div>\n                    <\/div>\n                <\/div>\n            <\/div>\n        <\/a>\n                <a href=\"https:\/\/sits.friendventure.dev\/de\/nis2-as-a-service\/\" class=\"slider_element\">\n            <div class=\"se_background\">\n                            <\/div>\n            \n            <div class=\"se_content\">\n                <div class=\"se_content_inner\">\n                    <div class=\"se_content_inner_text\">\n                        <div class=\"se_content_meta\">\n                            <div class=\"se_date\">\n                                                            <\/div>\n                        <\/div>\n                        <div class=\"se_content_headline\">\n                            NIS2 as a Service                        <\/div>\n                        <div class=\"se_readmore\">\n                            Mehr erfahren                        <\/div>\n                    <\/div>\n                <\/div>\n            <\/div>\n        <\/a>\n                <a href=\"https:\/\/sits.friendventure.dev\/de\/aa-ransomware-resilience\/\" class=\"slider_element\">\n            <div class=\"se_background\">\n                            <\/div>\n            \n            <div class=\"se_content\">\n                <div class=\"se_content_inner\">\n                    <div class=\"se_content_inner_text\">\n                        <div class=\"se_content_meta\">\n                            <div class=\"se_date\">\n                                                            <\/div>\n                        <\/div>\n                        <div class=\"se_content_headline\">\n                            A&A \u2013 Ransomware Resilience                        <\/div>\n                        <div class=\"se_readmore\">\n                            Mehr erfahren                        <\/div>\n                    <\/div>\n                <\/div>\n            <\/div>\n        <\/a>\n                <a href=\"https:\/\/sits.friendventure.dev\/de\/digital-challenges\/cyberabwehr\/\" class=\"slider_element\">\n            <div class=\"se_background\">\n                <img loading=\"lazy\" decoding=\"async\" width=\"768\" height=\"632\" src=\"https:\/\/sits.friendventure.dev\/wp-content\/uploads\/2025\/10\/AI-Cyber-Security-1.jpg\" class=\"attachment-post-thumbnail size-post-thumbnail wp-post-image\" alt=\"\" srcset=\"https:\/\/sits.friendventure.dev\/wp-content\/uploads\/2025\/10\/AI-Cyber-Security-1.jpg 768w, https:\/\/sits.friendventure.dev\/wp-content\/uploads\/2025\/10\/AI-Cyber-Security-1-300x247.jpg 300w\" sizes=\"auto, (max-width: 768px) 100vw, 768px\" \/>            <\/div>\n            \n            <div class=\"se_content\">\n                <div class=\"se_content_inner\">\n                    <div class=\"se_content_inner_text\">\n                        <div class=\"se_content_meta\">\n                            <div class=\"se_date\">\n                                                            <\/div>\n                        <\/div>\n                        <div class=\"se_content_headline\">\n                            Ihre Cyberabwehr beginnt hier                        <\/div>\n                        <div class=\"se_readmore\">\n                            Mehr erfahren                        <\/div>\n                    <\/div>\n                <\/div>\n            <\/div>\n        <\/a>\n                <a href=\"https:\/\/sits.friendventure.dev\/de\/digital-challenges\/supply-chain-intelligence\/\" class=\"slider_element\">\n            <div class=\"se_background\">\n                            <\/div>\n            \n            <div class=\"se_content\">\n                <div class=\"se_content_inner\">\n                    <div class=\"se_content_inner_text\">\n                        <div class=\"se_content_meta\">\n                            <div class=\"se_date\">\n                                                            <\/div>\n                        <\/div>\n                        <div class=\"se_content_headline\">\n                            Supply Chain Intelligence                        <\/div>\n                        <div class=\"se_readmore\">\n                            Mehr erfahren                        <\/div>\n                    <\/div>\n                <\/div>\n            <\/div>\n        <\/a>\n        <\/div>\n<div class=\"media-center-slider-progress\">\n    <div class=\"progress\" role=\"progressbar\" aria-valuemin=\"0\" aria-valuemax=\"100\">\n        <span class=\"slider__label sr-only\"><\/span>\n    <\/div>\n<\/div>\n<\/div>[\/vc_column][\/vc_row][vc_row][vc_column]<div class=\"smx_global_spacer size-l\"><\/div>\n[\/vc_column][\/vc_row][vc_row el_id=\"kontakt\"][vc_column]\n    <div class=\"contact_section full_contact\">\n        <div class=\"contact_form_wrapper\">\n            <div class=\"h3 smx-headline\">\n            Jetzt Kontakt aufnehmen        <\/div>\n        <div class=\"subheadline\">\n            Kontaktieren Sie uns f\u00fcr ma\u00dfgeschneiderte Sicherheitsstrategien.        <\/div>\n        <div class=\"form\">\n            <script charset='utf-8' type='text\/javascript' src='\/\/js-eu1.hsforms.net\/forms\/embed\/v2.js'><\/script><br \/>\n<script>\n  hbspt.forms.create({\n    region: 'eu1',\n    portalId: '26142091',\n    formId: 'b44f933a-af9c-4a77-b32b-32cec87406e8'\n  });\n<\/script>\n        <\/div>\n    <\/div>\n    <!--\n    <div class=\"contact_person_wraper\">\n                    <div class=\"person_box\">\n                <div class=\"person_pic\">\n                    <img loading=\"lazy\" decoding=\"async\" width=\"1440\" height=\"1440\" src=\"https:\/\/sits.friendventure.dev\/wp-content\/uploads\/2024\/04\/Ansprechpartner_CloudPlatform.jpg\" class=\"contact_profile_pic\" alt=\"\" srcset=\"https:\/\/sits.friendventure.dev\/wp-content\/uploads\/2024\/04\/Ansprechpartner_CloudPlatform.jpg 1440w, https:\/\/sits.friendventure.dev\/wp-content\/uploads\/2024\/04\/Ansprechpartner_CloudPlatform-300x300.jpg 300w, https:\/\/sits.friendventure.dev\/wp-content\/uploads\/2024\/04\/Ansprechpartner_CloudPlatform-1024x1024.jpg 1024w, https:\/\/sits.friendventure.dev\/wp-content\/uploads\/2024\/04\/Ansprechpartner_CloudPlatform-150x150.jpg 150w, https:\/\/sits.friendventure.dev\/wp-content\/uploads\/2024\/04\/Ansprechpartner_CloudPlatform-768x768.jpg 768w\" sizes=\"auto, (max-width: 1440px) 100vw, 1440px\" \/>                <\/div>\n                <div class=\"person_info\">\n                    <div class=\"person_name\">\n                        Sophie Richter                    <\/div>\n                                            <div class=\"person_description\">\n                            Account Managerin, SITS Group                        <\/div>\n                                                        <\/div>\n            <\/div>\n        \n    <\/div>\n    -->\n    <\/div>\n\n<div class=\"smx_global_spacer size-l\"><\/div>\n[\/vc_column][\/vc_row][vc_row][vc_column]<div class=\"smx_global_spacer size-l\"><\/div>\n[\/vc_column][\/vc_row]<\/p>\n<\/section>","protected":false},"excerpt":{"rendered":"<p>[vc_row full_width=&#8221;stretch_row_content_no_spaces&#8221; el_id=&#8221;header&#8221;][vc_column][\/vc_column][\/vc_row][vc_row][vc_column][\/vc_column][\/vc_row][vc_row][vc_column][\/vc_column][\/vc_row][vc_row el_id=&#8221;kontakt&#8221;][vc_column][\/vc_column][\/vc_row][vc_row][vc_column][\/vc_column][\/vc_row]<\/p>\n","protected":false},"author":24,"featured_media":0,"parent":0,"menu_order":0,"comment_status":"closed","ping_status":"closed","template":"","meta":{"inline_featured_image":false,"footnotes":""},"class_list":["post-23986","page","type-page","status-publish","hentry"],"acf":[],"yoast_head":"<!-- This site is optimized with the Yoast SEO plugin v24.9 - https:\/\/yoast.com\/wordpress\/plugins\/seo\/ -->\n<title>Digital Challenges: L\u00f6sungen f\u00fcr den Wandel | SITS<\/title>\n<meta name=\"description\" content=\"Digital Challenges meistern mit SITS: Wir begleiten Sie bei Digitalisierung, Sicherheit und Transformation \u2013 f\u00fcr eine zukunftssichere IT.\" \/>\n<meta name=\"robots\" content=\"noindex, follow, max-snippet:-1, max-image-preview:large, max-video-preview:-1\" \/>\n<meta property=\"og:locale\" content=\"de_DE\" \/>\n<meta property=\"og:type\" content=\"article\" \/>\n<meta property=\"og:title\" content=\"Digital Challenges: L\u00f6sungen f\u00fcr den Wandel | SITS\" \/>\n<meta property=\"og:description\" content=\"Digital Challenges meistern mit SITS: Wir begleiten Sie bei Digitalisierung, Sicherheit und Transformation \u2013 f\u00fcr eine zukunftssichere IT.\" \/>\n<meta property=\"og:url\" content=\"https:\/\/sits.friendventure.dev\/de\/digital-challenges\/\" \/>\n<meta property=\"og:site_name\" content=\"SITS\" \/>\n<meta property=\"article:modified_time\" content=\"2025-11-04T10:44:12+00:00\" \/>\n<meta name=\"twitter:card\" content=\"summary_large_image\" \/>\n<meta name=\"twitter:label1\" content=\"Est. reading time\" \/>\n\t<meta name=\"twitter:data1\" content=\"2 minutes\" \/>\n<script type=\"application\/ld+json\" class=\"yoast-schema-graph\">{\"@context\":\"https:\/\/schema.org\",\"@graph\":[{\"@type\":\"WebPage\",\"@id\":\"https:\/\/sits.friendventure.dev\/de\/digital-challenges\/\",\"url\":\"https:\/\/sits.friendventure.dev\/de\/digital-challenges\/\",\"name\":\"Digital Challenges: L\u00f6sungen f\u00fcr den Wandel | SITS\",\"isPartOf\":{\"@id\":\"https:\/\/sits.friendventure.dev\/de\/#website\"},\"datePublished\":\"2025-09-24T10:12:00+00:00\",\"dateModified\":\"2025-11-04T10:44:12+00:00\",\"description\":\"Digital Challenges meistern mit SITS: Wir begleiten Sie bei Digitalisierung, Sicherheit und Transformation \u2013 f\u00fcr eine zukunftssichere IT.\",\"breadcrumb\":{\"@id\":\"https:\/\/sits.friendventure.dev\/de\/digital-challenges\/#breadcrumb\"},\"inLanguage\":\"de\",\"potentialAction\":[{\"@type\":\"ReadAction\",\"target\":[\"https:\/\/sits.friendventure.dev\/de\/digital-challenges\/\"]}]},{\"@type\":\"BreadcrumbList\",\"@id\":\"https:\/\/sits.friendventure.dev\/de\/digital-challenges\/#breadcrumb\",\"itemListElement\":[{\"@type\":\"ListItem\",\"position\":1,\"name\":\"Startseite\",\"item\":\"https:\/\/sits.friendventure.dev\/de\/\"},{\"@type\":\"ListItem\",\"position\":2,\"name\":\"Digital Challenges\"}]},{\"@type\":\"WebSite\",\"@id\":\"https:\/\/sits.friendventure.dev\/de\/#website\",\"url\":\"https:\/\/sits.friendventure.dev\/de\/\",\"name\":\"SITS\",\"description\":\"\",\"publisher\":{\"@id\":\"https:\/\/sits.friendventure.dev\/de\/#organization\"},\"potentialAction\":[{\"@type\":\"SearchAction\",\"target\":{\"@type\":\"EntryPoint\",\"urlTemplate\":\"https:\/\/sits.friendventure.dev\/de\/?s={search_term_string}\"},\"query-input\":{\"@type\":\"PropertyValueSpecification\",\"valueRequired\":true,\"valueName\":\"search_term_string\"}}],\"inLanguage\":\"de\"},{\"@type\":\"Organization\",\"@id\":\"https:\/\/sits.friendventure.dev\/de\/#organization\",\"name\":\"SITS\",\"url\":\"https:\/\/sits.friendventure.dev\/de\/\",\"logo\":{\"@type\":\"ImageObject\",\"inLanguage\":\"de\",\"@id\":\"https:\/\/sits.friendventure.dev\/de\/#\/schema\/logo\/image\/\",\"url\":\"https:\/\/sits.friendventure.dev\/wp-content\/uploads\/2024\/04\/sits-logo-new.svg\",\"contentUrl\":\"https:\/\/sits.friendventure.dev\/wp-content\/uploads\/2024\/04\/sits-logo-new.svg\",\"width\":557,\"height\":322,\"caption\":\"SITS\"},\"image\":{\"@id\":\"https:\/\/sits.friendventure.dev\/de\/#\/schema\/logo\/image\/\"}}]}<\/script>\n<!-- \/ Yoast SEO plugin. -->","yoast_head_json":{"title":"Digital Challenges: L\u00f6sungen f\u00fcr den Wandel | SITS","description":"Digital Challenges meistern mit SITS: Wir begleiten Sie bei Digitalisierung, Sicherheit und Transformation \u2013 f\u00fcr eine zukunftssichere IT.","robots":{"index":"noindex","follow":"follow","max-snippet":"max-snippet:-1","max-image-preview":"max-image-preview:large","max-video-preview":"max-video-preview:-1"},"og_locale":"de_DE","og_type":"article","og_title":"Digital Challenges: L\u00f6sungen f\u00fcr den Wandel | SITS","og_description":"Digital Challenges meistern mit SITS: Wir begleiten Sie bei Digitalisierung, Sicherheit und Transformation \u2013 f\u00fcr eine zukunftssichere IT.","og_url":"https:\/\/sits.friendventure.dev\/de\/digital-challenges\/","og_site_name":"SITS","article_modified_time":"2025-11-04T10:44:12+00:00","twitter_card":"summary_large_image","twitter_misc":{"Est. reading time":"2 minutes"},"schema":{"@context":"https:\/\/schema.org","@graph":[{"@type":"WebPage","@id":"https:\/\/sits.friendventure.dev\/de\/digital-challenges\/","url":"https:\/\/sits.friendventure.dev\/de\/digital-challenges\/","name":"Digital Challenges: L\u00f6sungen f\u00fcr den Wandel | SITS","isPartOf":{"@id":"https:\/\/sits.friendventure.dev\/de\/#website"},"datePublished":"2025-09-24T10:12:00+00:00","dateModified":"2025-11-04T10:44:12+00:00","description":"Digital Challenges meistern mit SITS: Wir begleiten Sie bei Digitalisierung, Sicherheit und Transformation \u2013 f\u00fcr eine zukunftssichere IT.","breadcrumb":{"@id":"https:\/\/sits.friendventure.dev\/de\/digital-challenges\/#breadcrumb"},"inLanguage":"de","potentialAction":[{"@type":"ReadAction","target":["https:\/\/sits.friendventure.dev\/de\/digital-challenges\/"]}]},{"@type":"BreadcrumbList","@id":"https:\/\/sits.friendventure.dev\/de\/digital-challenges\/#breadcrumb","itemListElement":[{"@type":"ListItem","position":1,"name":"Startseite","item":"https:\/\/sits.friendventure.dev\/de\/"},{"@type":"ListItem","position":2,"name":"Digital Challenges"}]},{"@type":"WebSite","@id":"https:\/\/sits.friendventure.dev\/de\/#website","url":"https:\/\/sits.friendventure.dev\/de\/","name":"SITS","description":"","publisher":{"@id":"https:\/\/sits.friendventure.dev\/de\/#organization"},"potentialAction":[{"@type":"SearchAction","target":{"@type":"EntryPoint","urlTemplate":"https:\/\/sits.friendventure.dev\/de\/?s={search_term_string}"},"query-input":{"@type":"PropertyValueSpecification","valueRequired":true,"valueName":"search_term_string"}}],"inLanguage":"de"},{"@type":"Organization","@id":"https:\/\/sits.friendventure.dev\/de\/#organization","name":"SITS","url":"https:\/\/sits.friendventure.dev\/de\/","logo":{"@type":"ImageObject","inLanguage":"de","@id":"https:\/\/sits.friendventure.dev\/de\/#\/schema\/logo\/image\/","url":"https:\/\/sits.friendventure.dev\/wp-content\/uploads\/2024\/04\/sits-logo-new.svg","contentUrl":"https:\/\/sits.friendventure.dev\/wp-content\/uploads\/2024\/04\/sits-logo-new.svg","width":557,"height":322,"caption":"SITS"},"image":{"@id":"https:\/\/sits.friendventure.dev\/de\/#\/schema\/logo\/image\/"}}]}},"_links":{"self":[{"href":"https:\/\/sits.friendventure.dev\/de\/wp-json\/wp\/v2\/pages\/23986","targetHints":{"allow":["GET"]}}],"collection":[{"href":"https:\/\/sits.friendventure.dev\/de\/wp-json\/wp\/v2\/pages"}],"about":[{"href":"https:\/\/sits.friendventure.dev\/de\/wp-json\/wp\/v2\/types\/page"}],"author":[{"embeddable":true,"href":"https:\/\/sits.friendventure.dev\/de\/wp-json\/wp\/v2\/users\/24"}],"replies":[{"embeddable":true,"href":"https:\/\/sits.friendventure.dev\/de\/wp-json\/wp\/v2\/comments?post=23986"}],"version-history":[{"count":13,"href":"https:\/\/sits.friendventure.dev\/de\/wp-json\/wp\/v2\/pages\/23986\/revisions"}],"predecessor-version":[{"id":24512,"href":"https:\/\/sits.friendventure.dev\/de\/wp-json\/wp\/v2\/pages\/23986\/revisions\/24512"}],"wp:attachment":[{"href":"https:\/\/sits.friendventure.dev\/de\/wp-json\/wp\/v2\/media?parent=23986"}],"curies":[{"name":"wp","href":"https:\/\/api.w.org\/{rel}","templated":true}]}}