{"id":21492,"date":"2025-05-19T13:35:37","date_gmt":"2025-05-19T11:35:37","guid":{"rendered":"https:\/\/sits.com\/?page_id=21492"},"modified":"2025-05-26T11:21:47","modified_gmt":"2025-05-26T09:21:47","slug":"managed-kubernetes","status":"publish","type":"page","link":"https:\/\/sits.friendventure.dev\/de\/managed-kubernetes\/","title":{"rendered":"Managed Kubernetes"},"content":{"rendered":"<section class=\"wpb-content-wrapper\"><p>[vc_row full_width=\"stretch_row_content_no_spaces\" el_id=\"header\"][vc_column]<div class=\"header\">\n\n    \n            <div class=\"header_static\">\n            <div class=\"bg_wrapper\">\n                <div class=\"image\">\n                    <img loading=\"lazy\" decoding=\"async\" width=\"1600\" height=\"1009\" src=\"https:\/\/sits.friendventure.dev\/wp-content\/uploads\/2025\/02\/WhatElement5.jpg\" class=\"bg\" alt=\"\" srcset=\"https:\/\/sits.friendventure.dev\/wp-content\/uploads\/2025\/02\/WhatElement5.jpg 1600w, https:\/\/sits.friendventure.dev\/wp-content\/uploads\/2025\/02\/WhatElement5-300x189.jpg 300w, https:\/\/sits.friendventure.dev\/wp-content\/uploads\/2025\/02\/WhatElement5-1024x646.jpg 1024w, https:\/\/sits.friendventure.dev\/wp-content\/uploads\/2025\/02\/WhatElement5-768x484.jpg 768w, https:\/\/sits.friendventure.dev\/wp-content\/uploads\/2025\/02\/WhatElement5-1536x969.jpg 1536w\" sizes=\"auto, (max-width: 1600px) 100vw, 1600px\" \/>                <\/div>\n                <div class=\"bg_filter filter-_main\"><\/div>\n            <\/div>\n\n            <div class=\"header_content\">\n                <div class=\"header_icon\">\n                                    <\/div>\n                <div class=\"header_sub_headline subheadline\">\n                    Container-Orchestrierungsl\u00f6sung. \n                <\/div>\n                <h1 class=\"header_headline headline h1\">\n                    Managed Kubernetes \n                    <div class=\"slider_margin_left h1\">\n                         \n                    <\/div>\n                <\/h1>\n                \n                                <div class=\"header_button \">\n                     \n                        <div class=\"btn-wrapper\">\n                            <div class=\"btn\">\n                                <a href=\"#kontakt\" class=\"btn-text\">Beratung anfordern<\/a>\n                                <div><\/div>\n                            <\/div>\n                        <\/div>\n                                    <\/div>\n            <\/div>\n\n        <\/div>\n                          \n            \n                \n    \n    \n\n<\/div>\n\n\n[\/vc_column][\/vc_row][vc_row][vc_column]<div class=\"smx_global_spacer size-l\"><\/div>\n[\/vc_column][\/vc_row][vc_row][vc_column]<div class=\"summary-wrapper\">\n        <div class=\"summary-container clr-primary\">\n        <div class=\"summary-col_left\">\n                        <h2 class=\"summary-headline headline h3\">Hohe Sicherheit und Skalierbarkeit<\/h2>\n                                <\/div>\n        <div class=\"summary-col_right\">\n            <div class=\"summary-content p3\"><p><strong>Managed Kubernetes<\/strong> bietet eine vollst\u00e4ndig gemanagte <strong>Container-Orchestrierungsl\u00f6sung<\/strong>, mit der Unternehmen moderne, skalierbare Anwendungen effizienter betreiben k\u00f6nnen \u2013 ohne die Komplexit\u00e4t im Hintergrund. Es ist die strategische Antwort auf zentrale Herausforderungen der IT-Modernisierung: Die operative Entlastung, erm\u00f6glicht schnellere <strong>Innovation<\/strong> und reduziert langfristig Betriebskosten \u2013 bei gleichzeitig hoher <strong>Sicherheit und Skalierbarkeit.<\/strong><\/p>\n<p>Eine Investition in Managed Kubernetes ist eine Investition in Zukunftsf\u00e4higkeit und Wettbewerbsf\u00e4higkeit.<\/p><\/div>\n\n                        \n\n            \n\n                    <\/div>\n    <\/div>\n<\/div>\n[\/vc_column][\/vc_row][vc_row][vc_column]<div class=\"smx_global_spacer size-l\"><\/div>\n<h1  class=\"h1 smx-headline  center\">Vorteile und Herausforderungen<\/h1><div class=\"text-image-slider_wrapper clr-primary\">\n        <div class=\"text-image-slider_arrows\">\n            <div class=\"text-image-slider_prev\"><\/div>\n            <div class=\"text-image-slider_next\"><\/div>\n        <\/div>\n    <div class=\"text-image-slider_nav\">\n                                    <div class=\"text-image-slider_nav-single  active\">\n                    <div class=\"text-image-slider_nav-image\"><img decoding=\"async\" src=\"https:\/\/sits.friendventure.dev\/wp-content\/uploads\/2024\/04\/WhyElement_Govern-1.svg\" alt=\"\"><\/div>\n                    <div class=\"text-image-slider_nav-title boxheadline\"><\/div>\n                <\/div>\n                                                <div class=\"text-image-slider_nav-single \">\n                    <div class=\"text-image-slider_nav-image\"><img decoding=\"async\" src=\"https:\/\/sits.friendventure.dev\/wp-content\/uploads\/2024\/04\/NIS2_Assessment_Icon_Nachweisbarkeit.svg\" alt=\"\"><\/div>\n                    <div class=\"text-image-slider_nav-title boxheadline\"><\/div>\n                <\/div>\n                        <\/div>\n    <div class=\"text-image-slider_container\">\n                                    <div class=\"text-image-slide\">\n                    <div class=\"text-image-slide_image\">\n                        <img decoding=\"async\" src=\"https:\/\/sits.friendventure.dev\/wp-content\/uploads\/2025\/03\/WhatElement1.jpg\" alt=\"\">\n                    <\/div>\n                    <div class=\"text-image-slide_contents\">\n                        <div class=\"text-image-slide_headline headline h4\">\n                            Vorteile                        <\/div>\n                        <div class=\"text-image-slide_text\">\n                            <\/p>\n<ul>\n<li><strong> Optimierter ROI <\/strong> durch bessere Ressourcennutzung, skalierbares Wachstum und geringeren manuellen IT-Aufwand.<\/li>\n<li><strong> Fokus auf Innovation statt Verwaltung<\/strong> \u2013 mehr Zeit f\u00fcr Digitalisierung, weniger f\u00fcr Infrastruktur.<\/li>\n<li><strong> Sicherheit &amp; Compliance <\/strong>\u2013 automatische Updates, Zugriffskontrolle und Netzwerkabsicherung inklusive.<\/li>\n<\/ul>\n<p>                        <\/div>\n                    <\/div>\n                <\/div>\n                                               <div class=\"text-image-slide\">\n                    <div class=\"text-image-slide_image\">\n                        <img decoding=\"async\" src=\"https:\/\/sits.friendventure.dev\/wp-content\/uploads\/2025\/02\/WhatElement3-1.jpg\" alt=\"\">\n                    <\/div>\n                    <div class=\"text-image-slide_contents\">\n                        <div class=\"text-image-slide_headline headline h4\">\n                            Herausforderungen                        <\/div>\n                        <div class=\"text-image-slide_text\">\n                            <\/p>\n<ul>\n<li><strong> Hohe Kosten, geringe Effizienz <\/strong>\u2013 Standardisierung und Skalierung scheitert, weil sensible Daten lokal verwaltet werden m\u00fcssen<\/li>\n<li><strong> Steigende Compliance-Vorgaben und Sicherheitsrisiken<\/strong>, bei gleichzeitigem Mangel an qualifiziertem IT-Personal.<\/li>\n<\/ul>\n<p>                        <\/div>\n                    <\/div>\n                <\/div>\n                       <\/div>\n<\/div><div class=\"smx_global_spacer size-l\"><\/div>\n[\/vc_column][\/vc_row][vc_row][vc_column]<h1  class=\"h1 smx-headline  center\">Anwendungsf\u00e4lle<\/h1>[vc_column_text]<\/p>\n<div class=\"headline\">\n<h1 class=\"h2 smx-headline\" style=\"text-align: center;\"><\/h1>\n<\/div>\n<h3 class=\"subheadline\" style=\"text-align: center;\"><span data-teams=\"true\">Unternehmen mit hohen Sicherheitsanforderungen am Beispiel Healthcare<\/span><\/h3>\n<p>[\/vc_column_text]<div class=\"smx_global_spacer size-s\"><\/div>\n<div class=\"iconbox-grid\">\n    <div class=\"iconboxes--wrapper\">\n                                <div class=\"iconboxes--container iconboxes-2 iconboxes-cols-4 animate_kachel_wrapper\">\n                                    <div class=\"iconbox--single iconbox--nr-1  animate_kachel\">\n                        <div class=\"iconbox--single__counter\">\n                            01\n                        <\/div>\n                        <div class=\"iconbox--single__inner\">\n                                                            <div class=\"iconbox--image\">\n                                                                    <\/div>\n                                <div class=\"iconbox--headline headline-boxed\">\n                                                                    <\/div>\n                                <div class=\"iconbox--content\">\n                                    Ausgangslage:  Ein Unternehmen im Gesundheitswesen muss Applikationen betreiben, die sensible Patientendaten verarbeiten.  Herausforderung:  Strikte Compliance-Anforderungen (z.\u202f DSGVO, HIPAA) Hoher Aufwand f\u00fcr Sicherheits-Updates Manuelle Zugangskontrolle  Vorteil durch Managed Kubernetes:  Automatische Sicherheitsupdates, IAM-Integration mit rollenbasiertem Zugriff und Unterst\u00fctzung f\u00fcr Audit Logs sowie Netzwerk-Policies. Steigerung der Produktivit\u00e4t durch effizienzgewinnende Prozesse und optimierte Arbeitsabl\u00e4ufe.                                <\/div>\n                                                                                        <\/div>\n                    <\/div>\n                                    <div class=\"iconbox--single iconbox--nr-2  animate_kachel\">\n                        <div class=\"iconbox--single__counter\">\n                            02\n                        <\/div>\n                        <div class=\"iconbox--single__inner\">\n                                                            <div class=\"iconbox--image\">\n                                                                    <\/div>\n                                <div class=\"iconbox--headline headline-boxed\">\n                                                                    <\/div>\n                                <div class=\"iconbox--content\">\n                                    Mittelst\u00e4ndler in der Cloud-Transformation  Ausgangslage:  Ein traditionelles Maschinenbauunternehmen modernisiert seine IT-Infrastruktur und Anwendungen.  Herausforderung:  Legacy-Systeme und monolithische Anwendungen Keine IT-Spezialisten f\u00fcr Containerisierung im Haus Steigender Druck zur Digitalisierung bei limitierten Ressourcen  Vorteil durch Managed Kubernetes:  Sanfte Migration durch Containerisierung Weniger Betriebsaufwand f\u00fcr das interne IT-Team Integration in bestehende CI\/CD- und Monitoring-Tools                                <\/div>\n                                                                                        <\/div>\n                    <\/div>\n                            <\/div>\n            <\/div>\n<\/div><div class=\"smx_global_spacer size-l\"><\/div>\n[\/vc_column][\/vc_row][vc_row full_width=\"stretch_row_content_no_spaces\"][vc_column]<h1  class=\"h1 smx-headline  center\">SITS USP: der unfaire Vorteil<\/h1><div class=\"smx_global_spacer size-s\"><\/div>\n<div class=\"text_bild_element\">\n    <div class=\"text_bild_text spiegeln fade-in-bottom-top\">\n                <div class=\"headline\">\n            <div class=\"h2 smx-headline\">\n                    <\/div>\n    <\/div>\n    <div class=\"subheadline\">\n            <\/div>\n    <div class=\"text\">\n        Service Design als integraler Bestandteil Ihrer ma\u00dfgeschneiderten Multicloud-Strategie \u2013 <strong> alles aus einer Hand. <\/strong><\/p>\n<p><strong> Sicherheit &amp; Compliance \u201cby Design\u201d<\/strong> : \u201eWir bieten Branchenstandards nicht nur an, sondern haben sie integriert.\u201c<br \/>\n<strong> Pers\u00f6nlicher 24\/7-Support durch K8s-Experten<\/strong>: \u201eBei uns sprechen Sie mit Engineers, nicht mit einem Ticketsystem.\u201c<br \/>\n<strong> Lokaler oder branchenspezifischer Fokus<\/strong>: \u201eWir verstehen Ihre Branche \u2013 nicht nur Ihre Technik.\u201c<br \/>\n<strong> Migration-as-a-Service<\/strong><br \/>\n    <\/div>\n    <\/div>\n<div class=\"text_bild_bild spiegeln\">\n    <div class=\"img\">\n        <img loading=\"lazy\" decoding=\"async\" width=\"1600\" height=\"1201\" src=\"https:\/\/sits.friendventure.dev\/wp-content\/uploads\/2025\/02\/WhatElement4.jpg\" class=\"img\" alt=\"\" srcset=\"https:\/\/sits.friendventure.dev\/wp-content\/uploads\/2025\/02\/WhatElement4.jpg 1600w, https:\/\/sits.friendventure.dev\/wp-content\/uploads\/2025\/02\/WhatElement4-300x225.jpg 300w, https:\/\/sits.friendventure.dev\/wp-content\/uploads\/2025\/02\/WhatElement4-1024x769.jpg 1024w, https:\/\/sits.friendventure.dev\/wp-content\/uploads\/2025\/02\/WhatElement4-768x576.jpg 768w, https:\/\/sits.friendventure.dev\/wp-content\/uploads\/2025\/02\/WhatElement4-1536x1153.jpg 1536w\" sizes=\"auto, (max-width: 1600px) 100vw, 1600px\" \/>    <\/div>\n<\/div>\n<\/div>[\/vc_column][\/vc_row][vc_row][vc_column]<div class=\"smx_global_spacer size-l\"><\/div>\n[\/vc_column][\/vc_row][vc_row][vc_column]\n    <div class=\"contact_section full_contact\">\n        <div class=\"contact_form_wrapper\">\n            <div class=\"h3 smx-headline\">\n            Jetzt Kontakt aufnehmen        <\/div>\n        <div class=\"subheadline\">\n            Wir beraten Sie gerne!        <\/div>\n        <div class=\"form\">\n            <script charset='utf-8' type='text\/javascript' src='\/\/js-eu1.hsforms.net\/forms\/embed\/v2.js'><\/script><br \/>\n<script>\n  hbspt.forms.create({\n    region: 'eu1',\n    portalId: '26142091',\n    formId: 'c3577121-8747-4841-b2a7-a302872962f0'\n  });\n<\/script>\n        <\/div>\n    <\/div>\n    <!--\n    <div class=\"contact_person_wraper\">\n                    <div class=\"person_box\">\n                <div class=\"person_pic\">\n                    <img loading=\"lazy\" decoding=\"async\" width=\"1440\" height=\"1440\" src=\"https:\/\/sits.friendventure.dev\/wp-content\/uploads\/2024\/04\/Ansprechpartner_SMW-1.jpg\" class=\"contact_profile_pic\" alt=\"\" srcset=\"https:\/\/sits.friendventure.dev\/wp-content\/uploads\/2024\/04\/Ansprechpartner_SMW-1.jpg 1440w, https:\/\/sits.friendventure.dev\/wp-content\/uploads\/2024\/04\/Ansprechpartner_SMW-1-300x300.jpg 300w, https:\/\/sits.friendventure.dev\/wp-content\/uploads\/2024\/04\/Ansprechpartner_SMW-1-1024x1024.jpg 1024w, https:\/\/sits.friendventure.dev\/wp-content\/uploads\/2024\/04\/Ansprechpartner_SMW-1-150x150.jpg 150w, https:\/\/sits.friendventure.dev\/wp-content\/uploads\/2024\/04\/Ansprechpartner_SMW-1-768x768.jpg 768w\" sizes=\"auto, (max-width: 1440px) 100vw, 1440px\" \/>                <\/div>\n                <div class=\"person_info\">\n                    <div class=\"person_name\">\n                        Angelo Schneider                    <\/div>\n                                            <div class=\"person_description\">\n                            Account Manager, SITS Group                        <\/div>\n                                                        <\/div>\n            <\/div>\n        \n    <\/div>\n    -->\n    <\/div>\n\n[\/vc_column][\/vc_row][vc_row][vc_column]<div class=\"smx_global_spacer size-l\"><\/div>\n[\/vc_column][\/vc_row]<\/p>\n<\/section>","protected":false},"excerpt":{"rendered":"<p>[vc_row full_width=&#8221;stretch_row_content_no_spaces&#8221; el_id=&#8221;header&#8221;][vc_column][\/vc_column][\/vc_row][vc_row][vc_column][\/vc_column][\/vc_row][vc_row][vc_column][\/vc_column][\/vc_row][vc_row][vc_column][\/vc_column][\/vc_row][vc_row][vc_column][vc_column_text] Unternehmen mit hohen Sicherheitsanforderungen am Beispiel Healthcare [\/vc_column_text][\/vc_column][\/vc_row][vc_row full_width=&#8221;stretch_row_content_no_spaces&#8221;][vc_column][\/vc_column][\/vc_row][vc_row][vc_column][\/vc_column][\/vc_row][vc_row][vc_column][\/vc_column][\/vc_row][vc_row][vc_column][\/vc_column][\/vc_row]<\/p>\n","protected":false},"author":17,"featured_media":0,"parent":0,"menu_order":0,"comment_status":"closed","ping_status":"closed","template":"","meta":{"inline_featured_image":false,"footnotes":""},"class_list":["post-21492","page","type-page","status-publish","hentry"],"acf":[],"yoast_head":"<!-- This site is optimized with the Yoast SEO plugin v24.9 - https:\/\/yoast.com\/wordpress\/plugins\/seo\/ -->\n<title>Managed Kubernetes | SITS<\/title>\n<meta name=\"description\" content=\"Managed Kubernetes \u00bb Jetzt informieren!\" \/>\n<meta name=\"robots\" content=\"noindex, follow, max-snippet:-1, max-image-preview:large, max-video-preview:-1\" \/>\n<meta property=\"og:locale\" content=\"de_DE\" \/>\n<meta property=\"og:type\" content=\"article\" \/>\n<meta property=\"og:title\" content=\"Managed Kubernetes | SITS\" \/>\n<meta property=\"og:description\" content=\"Managed Kubernetes \u00bb Jetzt informieren!\" \/>\n<meta property=\"og:url\" content=\"https:\/\/sits.friendventure.dev\/de\/managed-kubernetes\/\" \/>\n<meta property=\"og:site_name\" content=\"SITS\" \/>\n<meta property=\"article:modified_time\" content=\"2025-05-26T09:21:47+00:00\" \/>\n<meta name=\"twitter:card\" content=\"summary_large_image\" \/>\n<meta name=\"twitter:label1\" content=\"Est. reading time\" \/>\n\t<meta name=\"twitter:data1\" content=\"2 minutes\" \/>\n<script type=\"application\/ld+json\" class=\"yoast-schema-graph\">{\"@context\":\"https:\/\/schema.org\",\"@graph\":[{\"@type\":\"WebPage\",\"@id\":\"https:\/\/sits.friendventure.dev\/de\/managed-kubernetes\/\",\"url\":\"https:\/\/sits.friendventure.dev\/de\/managed-kubernetes\/\",\"name\":\"Managed Kubernetes | SITS\",\"isPartOf\":{\"@id\":\"https:\/\/sits.friendventure.dev\/de\/#website\"},\"datePublished\":\"2025-05-19T11:35:37+00:00\",\"dateModified\":\"2025-05-26T09:21:47+00:00\",\"description\":\"Managed Kubernetes \u00bb Jetzt informieren!\",\"breadcrumb\":{\"@id\":\"https:\/\/sits.friendventure.dev\/de\/managed-kubernetes\/#breadcrumb\"},\"inLanguage\":\"de\",\"potentialAction\":[{\"@type\":\"ReadAction\",\"target\":[\"https:\/\/sits.friendventure.dev\/de\/managed-kubernetes\/\"]}]},{\"@type\":\"BreadcrumbList\",\"@id\":\"https:\/\/sits.friendventure.dev\/de\/managed-kubernetes\/#breadcrumb\",\"itemListElement\":[{\"@type\":\"ListItem\",\"position\":1,\"name\":\"Startseite\",\"item\":\"https:\/\/sits.friendventure.dev\/de\/\"},{\"@type\":\"ListItem\",\"position\":2,\"name\":\"Managed Kubernetes\"}]},{\"@type\":\"WebSite\",\"@id\":\"https:\/\/sits.friendventure.dev\/de\/#website\",\"url\":\"https:\/\/sits.friendventure.dev\/de\/\",\"name\":\"SITS\",\"description\":\"\",\"publisher\":{\"@id\":\"https:\/\/sits.friendventure.dev\/de\/#organization\"},\"potentialAction\":[{\"@type\":\"SearchAction\",\"target\":{\"@type\":\"EntryPoint\",\"urlTemplate\":\"https:\/\/sits.friendventure.dev\/de\/?s={search_term_string}\"},\"query-input\":{\"@type\":\"PropertyValueSpecification\",\"valueRequired\":true,\"valueName\":\"search_term_string\"}}],\"inLanguage\":\"de\"},{\"@type\":\"Organization\",\"@id\":\"https:\/\/sits.friendventure.dev\/de\/#organization\",\"name\":\"SITS\",\"url\":\"https:\/\/sits.friendventure.dev\/de\/\",\"logo\":{\"@type\":\"ImageObject\",\"inLanguage\":\"de\",\"@id\":\"https:\/\/sits.friendventure.dev\/de\/#\/schema\/logo\/image\/\",\"url\":\"https:\/\/sits.friendventure.dev\/wp-content\/uploads\/2024\/04\/sits-logo-new.svg\",\"contentUrl\":\"https:\/\/sits.friendventure.dev\/wp-content\/uploads\/2024\/04\/sits-logo-new.svg\",\"width\":557,\"height\":322,\"caption\":\"SITS\"},\"image\":{\"@id\":\"https:\/\/sits.friendventure.dev\/de\/#\/schema\/logo\/image\/\"}}]}<\/script>\n<!-- \/ Yoast SEO plugin. -->","yoast_head_json":{"title":"Managed Kubernetes | SITS","description":"Managed Kubernetes \u00bb Jetzt informieren!","robots":{"index":"noindex","follow":"follow","max-snippet":"max-snippet:-1","max-image-preview":"max-image-preview:large","max-video-preview":"max-video-preview:-1"},"og_locale":"de_DE","og_type":"article","og_title":"Managed Kubernetes | SITS","og_description":"Managed Kubernetes \u00bb Jetzt informieren!","og_url":"https:\/\/sits.friendventure.dev\/de\/managed-kubernetes\/","og_site_name":"SITS","article_modified_time":"2025-05-26T09:21:47+00:00","twitter_card":"summary_large_image","twitter_misc":{"Est. reading time":"2 minutes"},"schema":{"@context":"https:\/\/schema.org","@graph":[{"@type":"WebPage","@id":"https:\/\/sits.friendventure.dev\/de\/managed-kubernetes\/","url":"https:\/\/sits.friendventure.dev\/de\/managed-kubernetes\/","name":"Managed Kubernetes | SITS","isPartOf":{"@id":"https:\/\/sits.friendventure.dev\/de\/#website"},"datePublished":"2025-05-19T11:35:37+00:00","dateModified":"2025-05-26T09:21:47+00:00","description":"Managed Kubernetes \u00bb Jetzt informieren!","breadcrumb":{"@id":"https:\/\/sits.friendventure.dev\/de\/managed-kubernetes\/#breadcrumb"},"inLanguage":"de","potentialAction":[{"@type":"ReadAction","target":["https:\/\/sits.friendventure.dev\/de\/managed-kubernetes\/"]}]},{"@type":"BreadcrumbList","@id":"https:\/\/sits.friendventure.dev\/de\/managed-kubernetes\/#breadcrumb","itemListElement":[{"@type":"ListItem","position":1,"name":"Startseite","item":"https:\/\/sits.friendventure.dev\/de\/"},{"@type":"ListItem","position":2,"name":"Managed Kubernetes"}]},{"@type":"WebSite","@id":"https:\/\/sits.friendventure.dev\/de\/#website","url":"https:\/\/sits.friendventure.dev\/de\/","name":"SITS","description":"","publisher":{"@id":"https:\/\/sits.friendventure.dev\/de\/#organization"},"potentialAction":[{"@type":"SearchAction","target":{"@type":"EntryPoint","urlTemplate":"https:\/\/sits.friendventure.dev\/de\/?s={search_term_string}"},"query-input":{"@type":"PropertyValueSpecification","valueRequired":true,"valueName":"search_term_string"}}],"inLanguage":"de"},{"@type":"Organization","@id":"https:\/\/sits.friendventure.dev\/de\/#organization","name":"SITS","url":"https:\/\/sits.friendventure.dev\/de\/","logo":{"@type":"ImageObject","inLanguage":"de","@id":"https:\/\/sits.friendventure.dev\/de\/#\/schema\/logo\/image\/","url":"https:\/\/sits.friendventure.dev\/wp-content\/uploads\/2024\/04\/sits-logo-new.svg","contentUrl":"https:\/\/sits.friendventure.dev\/wp-content\/uploads\/2024\/04\/sits-logo-new.svg","width":557,"height":322,"caption":"SITS"},"image":{"@id":"https:\/\/sits.friendventure.dev\/de\/#\/schema\/logo\/image\/"}}]}},"_links":{"self":[{"href":"https:\/\/sits.friendventure.dev\/de\/wp-json\/wp\/v2\/pages\/21492","targetHints":{"allow":["GET"]}}],"collection":[{"href":"https:\/\/sits.friendventure.dev\/de\/wp-json\/wp\/v2\/pages"}],"about":[{"href":"https:\/\/sits.friendventure.dev\/de\/wp-json\/wp\/v2\/types\/page"}],"author":[{"embeddable":true,"href":"https:\/\/sits.friendventure.dev\/de\/wp-json\/wp\/v2\/users\/17"}],"replies":[{"embeddable":true,"href":"https:\/\/sits.friendventure.dev\/de\/wp-json\/wp\/v2\/comments?post=21492"}],"version-history":[{"count":24,"href":"https:\/\/sits.friendventure.dev\/de\/wp-json\/wp\/v2\/pages\/21492\/revisions"}],"predecessor-version":[{"id":21550,"href":"https:\/\/sits.friendventure.dev\/de\/wp-json\/wp\/v2\/pages\/21492\/revisions\/21550"}],"wp:attachment":[{"href":"https:\/\/sits.friendventure.dev\/de\/wp-json\/wp\/v2\/media?parent=21492"}],"curies":[{"name":"wp","href":"https:\/\/api.w.org\/{rel}","templated":true}]}}