{"id":15892,"date":"2024-07-17T09:32:09","date_gmt":"2024-07-17T07:32:09","guid":{"rendered":"https:\/\/sits.com\/?page_id=15892"},"modified":"2025-03-17T13:00:16","modified_gmt":"2025-03-17T12:00:16","slug":"standorte","status":"publish","type":"page","link":"https:\/\/sits.friendventure.dev\/de\/standorte\/","title":{"rendered":"Standorte"},"content":{"rendered":"<section class=\"wpb-content-wrapper\"><p>[vc_row][vc_column]<div class=\"smx_global_spacer size-m\"><\/div>\n<div class=\"smx_global_spacer size-l\"><\/div>\n[\/vc_column][\/vc_row][vc_row][vc_column]<h1  class=\"h1 smx-headline  center\">Kontaktieren Sie SITS vor Ort!<\/h1>[vc_column_text]<\/p>\n<div class=\"subheadline\" style=\"text-align: center;\"><b>Unsere Standorte<\/b><\/div>\n<p>[\/vc_column_text][vc_row_inner][vc_column_inner width=\"1\/4\"][\/vc_column_inner][vc_column_inner width=\"1\/2\"][vc_column_text]<\/p>\n<div style=\"text-align: center;\">Willkommen auf der Standortseite der SITS Group, Ihrem vertrauensw\u00fcrdigen Partner f\u00fcr IT-Sicherheit. Wir sind stolz darauf, Ihnen unsere Services auch direkt an verschiedenen Standorten anbieten zu k\u00f6nnen, um stets m\u00f6glichst nah an Ihrer Seite zu sein und Ihnen auch vor Ort den bestm\u00f6glichen Support zu gew\u00e4hrleisten.<\/div>\n<p>[\/vc_column_text][\/vc_column_inner][vc_column_inner width=\"1\/4\"][\/vc_column_inner][\/vc_row_inner][\/vc_column][\/vc_row][vc_row][vc_column]<div class=\"smx_global_spacer size-m\"><\/div>\n[\/vc_column][\/vc_row][vc_row][vc_column][vc_column_text]<\/p>\n<div class=\"boxheadline\">Deutschland<\/div>\n<p>[\/vc_column_text][\/vc_column][\/vc_row][vc_row][vc_column]<div class=\"location-boxes\">\n    <div class=\"location-box\">\n    <div class=\"location-box__container\">\n        <div class=\"location-box__headline boxheadline\">Aachen<\/div>\n        <div class=\"location-box__content\">SITS Deutschland GmbH<\/p>\n<p>Krefelder Strasse 121<\/p>\n<p>52070 Aachen<\/p>\n<p>Deutschland<\/div>\n                    <div class=\"location-box__link location-box__link--phone\"><a href=\"tel:+49 241 446880\">+49 241 446880<\/a><\/div>\n                            <div class=\"location-box__link location-box__link--mail\"><a href=mailto:info.de@sits.com>info.de@sits.com<\/a><\/div>\n            <\/div>\n<\/div><div class=\"location-box\">\n    <div class=\"location-box__container\">\n        <div class=\"location-box__headline boxheadline\">Aschaffenburg<\/div>\n        <div class=\"location-box__content\">SITS Deutschland GmbH<\/p>\n<p>Bamberger Str. 9<\/p>\n<p>63743 Aschaffenburg<\/p>\n<p>Deutschland<\/div>\n                    <div class=\"location-box__link location-box__link--phone\"><a href=\"mailto:+49 611 9458810\">+49 611 9458810<\/a><\/div>\n                            <div class=\"location-box__link location-box__link--mail\"><a href=tel:info.de@sits.com>info.de@sits.com<\/a><\/div>\n            <\/div>\n<\/div><div class=\"location-box\">\n    <div class=\"location-box__container\">\n        <div class=\"location-box__headline boxheadline\">Besigheim<\/div>\n        <div class=\"location-box__content\">SITS Deutschland GmbH<\/p>\n<p>Zeppelinstrasse 8<\/p>\n<p>74354 Besigheim<\/p>\n<p>Deutschland<\/div>\n                    <div class=\"location-box__link location-box__link--phone\"><a href=\"tel:+49 7143 84300\">+49 7143 84300<\/a><\/div>\n                            <div class=\"location-box__link location-box__link--mail\"><a href=mailto:info.de@sits.com>info.de@sits.com<\/a><\/div>\n            <\/div>\n<\/div><div class=\"location-box\">\n    <div class=\"location-box__container\">\n        <div class=\"location-box__headline boxheadline\">Halle (Saale)<\/div>\n        <div class=\"location-box__content\">SITS Deutschland GmbH<\/p>\n<p>Gro\u00dfe Nikolaistr. 8<\/p>\n<p>06108 Halle (Saale)<\/p>\n<p>Deutschland<\/div>\n                    <div class=\"location-box__link location-box__link--phone\"><a href=\"tel:+49 345 6789 100\">+49 345 6789 100<\/a><\/div>\n                            <div class=\"location-box__link location-box__link--mail\"><a href=mailto:info.de@sits.com>info.de@sits.com<\/a><\/div>\n            <\/div>\n<\/div><div class=\"location-box\">\n    <div class=\"location-box__container\">\n        <div class=\"location-box__headline boxheadline\">K\u00f6ln<\/div>\n        <div class=\"location-box__content\">SITS Deutschland GmbH<\/p>\n<p>Stollwerkstrasse 27-31<\/p>\n<p>51149 K\u00f6ln<\/p>\n<p>Deutschland<\/div>\n                    <div class=\"location-box__link location-box__link--phone\"><a href=\"tel:+49 221 3377840\">+49 221 3377840<\/a><\/div>\n                            <div class=\"location-box__link location-box__link--mail\"><a href=mailto:info.de@sits.com>info.de@sits.com<\/a><\/div>\n            <\/div>\n<\/div><div class=\"location-box\">\n    <div class=\"location-box__container\">\n        <div class=\"location-box__headline boxheadline\">Magdeburg<\/div>\n        <div class=\"location-box__content\">AV-Test GmbH<\/p>\n<p>Klewitzstr. 7<\/p>\n<p>39112 Magdeburg<\/p>\n<p>Deutschland<\/div>\n                    <div class=\"location-box__link location-box__link--phone\"><a href=\"tel:+49 391 6075460\">+49 391 6075460<\/a><\/div>\n                            <div class=\"location-box__link location-box__link--mail\"><a href=mailto:info.de@sits.com>info.de@sits.com<\/a><\/div>\n            <\/div>\n<\/div><div class=\"location-box\">\n    <div class=\"location-box__container\">\n        <div class=\"location-box__headline boxheadline\">Mogendorf<\/div>\n        <div class=\"location-box__content\">SITS Deutschland GmbH<\/p>\n<p>Nordstrasse 9<\/p>\n<p>56424 Mogendorf<\/p>\n<p>Deutschland<\/div>\n                    <div class=\"location-box__link location-box__link--phone\"><a href=\"tel:+49 611 9458810\">+49 611 9458810<\/a><\/div>\n                            <div class=\"location-box__link location-box__link--mail\"><a href=mailto:info.de@sits.com>info.de@sits.com<\/a><\/div>\n            <\/div>\n<\/div><div class=\"location-box\">\n    <div class=\"location-box__container\">\n        <div class=\"location-box__headline boxheadline\">Ulm<\/div>\n        <div class=\"location-box__content\">SITS Deutschland GmbH<\/p>\n<p>Einsteinstr. 55<\/p>\n<p>89077 Ulm<\/p>\n<p>Deutschland<\/div>\n                    <div class=\"location-box__link location-box__link--phone\"><a href=\"tel:+49 731 205890\">+49 731 205890<\/a><\/div>\n                            <div class=\"location-box__link location-box__link--mail\"><a href=mailto:info.de@sits.com>info.de@sits.com<\/a><\/div>\n            <\/div>\n<\/div><div class=\"location-box\">\n    <div class=\"location-box__container\">\n        <div class=\"location-box__headline boxheadline\">Wiesbaden<\/div>\n        <div class=\"location-box__content\">SITS Germany Holding GmbH<br \/>\nSITS Deutschland GmbH<\/p>\n<p>Konrad-Adenauer-Ring 33<\/p>\n<p>65187 Wiesbaden<\/p>\n<p>Deutschland<\/div>\n                    <div class=\"location-box__link location-box__link--phone\"><a href=\"tel:+49 611 9458810\">+49 611 9458810<\/a><\/div>\n                            <div class=\"location-box__link location-box__link--mail\"><a href=mailto:info.de@sits.com>info.de@sits.com<\/a><\/div>\n            <\/div>\n<\/div><\/div>\n\n\n\n\n[\/vc_column][\/vc_row][vc_row][vc_column]<div class=\"smx_global_spacer size-m\"><\/div>\n[\/vc_column][\/vc_row][vc_row][vc_column]<div class=\"smx_global_spacer size-m\"><\/div>\n[\/vc_column][\/vc_row][vc_row][vc_column][vc_column_text]<\/p>\n<div class=\"boxheadline\">Schweiz<\/div>\n<p>[\/vc_column_text][\/vc_column][\/vc_row][vc_row][vc_column]<div class=\"location-boxes\">\n    <div class=\"location-box\">\n    <div class=\"location-box__container\">\n        <div class=\"location-box__headline boxheadline\">Basel<\/div>\n        <div class=\"location-box__content\">Swiss IT Security AG<\/p>\n<p>Steinengraben 22<\/p>\n<p>4051 Basel<\/p>\n<p>Schweiz<\/div>\n                    <div class=\"location-box__link location-box__link--phone\"><a href=\"tel:+41 848 088 088\">+41 848 088 088<\/a><\/div>\n                            <div class=\"location-box__link location-box__link--mail\"><a href=mailto:info.ch@sits.com>info.ch@sits.com<\/a><\/div>\n            <\/div>\n<\/div><div class=\"location-box\">\n    <div class=\"location-box__container\">\n        <div class=\"location-box__headline boxheadline\">Jona<\/div>\n        <div class=\"location-box__content\">Swiss IT Security AG<\/p>\n<p>Schl\u00fcsselstrasse 6<\/p>\n<p>8645 Jona<\/p>\n<p>Schweiz<\/div>\n                    <div class=\"location-box__link location-box__link--phone\"><a href=\"tel:+41 848 088 088\">+41 848 088 088<\/a><\/div>\n                            <div class=\"location-box__link location-box__link--mail\"><a href=mailto:info.ch@sits.com>info.ch@sits.com<\/a><\/div>\n            <\/div>\n<\/div><div class=\"location-box\">\n    <div class=\"location-box__container\">\n        <div class=\"location-box__headline boxheadline\">Luzern<\/div>\n        <div class=\"location-box__content\">Swiss IT Security AG<\/p>\n<p>Staldenhof 18<\/p>\n<p>6014 Luzern<\/p>\n<p>Schweiz<\/div>\n                    <div class=\"location-box__link location-box__link--phone\"><a href=\"tel:+41 848 088 088\">+41 848 088 088<\/a><\/div>\n                            <div class=\"location-box__link location-box__link--mail\"><a href=mailto:info.ch@sits.com>info.ch@sits.com<\/a><\/div>\n            <\/div>\n<\/div><div class=\"location-box\">\n    <div class=\"location-box__container\">\n        <div class=\"location-box__headline boxheadline\">Wettingen<\/div>\n        <div class=\"location-box__content\">SITS Group AG<\/p>\n<p>Etzelmatt 1<\/p>\n<p>5430 Wettingen<\/p>\n<p>Schweiz<\/div>\n                    <div class=\"location-box__link location-box__link--phone\"><a href=\"tel:+41 56 599 00 99\">+41 56 599 00 99<\/a><\/div>\n                            <div class=\"location-box__link location-box__link--mail\"><a href=mailto:info.ch@sits.com>info.ch@sits.com<\/a><\/div>\n            <\/div>\n<\/div><div class=\"location-box\">\n    <div class=\"location-box__container\">\n        <div class=\"location-box__headline boxheadline\">Wettingen<\/div>\n        <div class=\"location-box__content\"><span data-olk-copy-source=\"MessageBody\">Swiss IT Security AG<\/span><\/p>\n<p>Etzelmatt 3<\/p>\n<p>5430 Wettingen<\/p>\n<p>Schweiz<\/div>\n                    <div class=\"location-box__link location-box__link--phone\"><a href=\"tel:+41 848 088 088\">+41 848 088 088<\/a><\/div>\n                            <div class=\"location-box__link location-box__link--mail\"><a href=mailto:info.ch@sits.com>info.ch@sits.com<\/a><\/div>\n            <\/div>\n<\/div><\/div>\n\n\n\n\n[\/vc_column][\/vc_row][vc_row][vc_column]<div class=\"smx_global_spacer size-m\"><\/div>\n[\/vc_column][\/vc_row][vc_row][vc_column][vc_column_text]<\/p>\n<div class=\"boxheadline\">Benelux<\/div>\n<p>[\/vc_column_text][\/vc_column][\/vc_row][vc_row][vc_column]<div class=\"location-boxes\">\n    <div class=\"location-box\">\n    <div class=\"location-box__container\">\n        <div class=\"location-box__headline boxheadline\">Waardenburg<\/div>\n        <div class=\"location-box__content\">SITS Benelux B.V.<br \/>\nTraxion B.V.<\/p>\n<p>Koeweistraat 4d\/4<\/p>\n<p>4181 CD Waardenburg<\/p>\n<p>Niederlande<\/div>\n                    <div class=\"location-box__link location-box__link--phone\"><a href=\"tel:+31 418 653 883\">+31 418 653 883<\/a><\/div>\n                            <div class=\"location-box__link location-box__link--mail\"><a href=mailto:info.nl@sits.com>info.nl@sits.com<\/a><\/div>\n            <\/div>\n<\/div><div class=\"location-box\">\n    <div class=\"location-box__container\">\n        <div class=\"location-box__headline boxheadline\">Kontich<\/div>\n        <div class=\"location-box__content\">Traxion N.V.<\/p>\n<p>Prins Boudewijnlaan 7A<\/p>\n<p>2550 Kontich<\/p>\n<p>Belgien<\/div>\n                    <div class=\"location-box__link location-box__link--phone\"><a href=\"tel:+32 15 28 50 70\">+32 15 28 50 70<\/a><\/div>\n                            <div class=\"location-box__link location-box__link--mail\"><a href=mailto:info.nl@sits.com>info.nl@sits.com<\/a><\/div>\n            <\/div>\n<\/div><\/div>\n\n\n\n\n[\/vc_column][\/vc_row][vc_row][vc_column]<div class=\"smx_global_spacer size-m\"><\/div>\n[\/vc_column][\/vc_row][vc_row][vc_column][vc_column_text]<\/p>\n<div class=\"boxheadline\">D\u00e4nemark<\/div>\n<p>[\/vc_column_text][\/vc_column][\/vc_row][vc_row][vc_column]<div class=\"location-boxes\">\n    <div class=\"location-box\">\n    <div class=\"location-box__container\">\n        <div class=\"location-box__headline boxheadline\">S\u00f8borg<\/div>\n        <div class=\"location-box__content\">SITS Denmark ApS<\/p>\n<div>\n<div class=\"elementToProof\">Secure Device A\/S<\/div>\n<\/div>\n<p>Gladsaxevej 384 B<\/p>\n<p>2860 S\u00f8borg<\/p>\n<p>D\u00e4nemark<\/div>\n                    <div class=\"location-box__link location-box__link--phone\"><a href=\"tel:+45 70 23 82 48\">+45 70 23 82 48<\/a><\/div>\n                            <div class=\"location-box__link location-box__link--mail\"><a href=mailto:info.dk@sits.com>info.dk@sits.com<\/a><\/div>\n            <\/div>\n<\/div><\/div>\n\n\n\n\n[\/vc_column][\/vc_row][vc_row][vc_column]<div class=\"smx_global_spacer size-l\"><\/div>\n[\/vc_column][\/vc_row][vc_row full_width=\"stretch_row_content_no_spaces\"][vc_column][\/vc_column][\/vc_row][vc_row][vc_column]\n    <div class=\"contact_section full_contact\">\n        <div class=\"contact_form_wrapper\">\n            <div class=\"h3 smx-headline\">\n            Kontakt        <\/div>\n        <div class=\"subheadline\">\n                    <\/div>\n        <div class=\"form\">\n            <script charset='utf-8' type='text\/javascript' src='\/\/js-eu1.hsforms.net\/forms\/embed\/v2.js'><\/script><br \/>\n<script>\n  hbspt.forms.create({\n    region: 'eu1',\n    portalId: '26142091',\n    formId: '0b7159ca-470b-41a4-a71b-23f776440930'\n  });\n<\/script>\n        <\/div>\n    <\/div>\n    <!--\n    <div class=\"contact_person_wraper\">\n                    <div class=\"person_box\">\n                <div class=\"person_pic\">\n                    <img loading=\"lazy\" decoding=\"async\" width=\"1440\" height=\"1440\" src=\"https:\/\/sits.friendventure.dev\/wp-content\/uploads\/2024\/04\/Ansprechpartner_AssessmentAdvisory.jpg\" class=\"contact_profile_pic\" alt=\"\" srcset=\"https:\/\/sits.friendventure.dev\/wp-content\/uploads\/2024\/04\/Ansprechpartner_AssessmentAdvisory.jpg 1440w, https:\/\/sits.friendventure.dev\/wp-content\/uploads\/2024\/04\/Ansprechpartner_AssessmentAdvisory-300x300.jpg 300w, https:\/\/sits.friendventure.dev\/wp-content\/uploads\/2024\/04\/Ansprechpartner_AssessmentAdvisory-1024x1024.jpg 1024w, https:\/\/sits.friendventure.dev\/wp-content\/uploads\/2024\/04\/Ansprechpartner_AssessmentAdvisory-150x150.jpg 150w, https:\/\/sits.friendventure.dev\/wp-content\/uploads\/2024\/04\/Ansprechpartner_AssessmentAdvisory-768x768.jpg 768w\" sizes=\"auto, (max-width: 1440px) 100vw, 1440px\" \/>                <\/div>\n                <div class=\"person_info\">\n                    <div class=\"person_name\">\n                        Jonas Fischer                    <\/div>\n                                            <div class=\"person_description\">\n                            Account Manager, SITS Group                        <\/div>\n                                                        <\/div>\n            <\/div>\n        \n    <\/div>\n    -->\n    <\/div>\n\n[\/vc_column][\/vc_row][vc_row][vc_column]<div class=\"smx_global_spacer size-l\"><\/div>\n[\/vc_column][\/vc_row]<\/p>\n<\/section>","protected":false},"excerpt":{"rendered":"<p>[vc_row][vc_column][\/vc_column][\/vc_row][vc_row][vc_column][vc_column_text] Unsere Standorte [\/vc_column_text][vc_row_inner][vc_column_inner width=&#8221;1\/4&#8243;][\/vc_column_inner][vc_column_inner width=&#8221;1\/2&#8243;][vc_column_text] Willkommen auf der Standortseite der SITS Group, Ihrem vertrauensw\u00fcrdigen Partner f\u00fcr IT-Sicherheit. Wir sind stolz darauf, Ihnen unsere Services auch direkt an verschiedenen Standorten anbieten zu k\u00f6nnen, um stets m\u00f6glichst nah an Ihrer Seite zu sein und Ihnen auch vor Ort den bestm\u00f6glichen Support zu gew\u00e4hrleisten. [\/vc_column_text][\/vc_column_inner][vc_column_inner width=&#8221;1\/4&#8243;][\/vc_column_inner][\/vc_row_inner][\/vc_column][\/vc_row][vc_row][vc_column][\/vc_column][\/vc_row][vc_row][vc_column][vc_column_text] Deutschland [&hellip;]<\/p>\n","protected":false},"author":1,"featured_media":0,"parent":0,"menu_order":0,"comment_status":"closed","ping_status":"closed","template":"","meta":{"inline_featured_image":false,"footnotes":""},"class_list":["post-15892","page","type-page","status-publish","hentry"],"acf":[],"yoast_head":"<!-- This site is optimized with the Yoast SEO plugin v24.9 - https:\/\/yoast.com\/wordpress\/plugins\/seo\/ -->\n<title>Standorte | SITS<\/title>\n<meta name=\"description\" content=\"Standorte \u00bb Jetzt informieren!\" \/>\n<meta name=\"robots\" content=\"noindex, nofollow\" \/>\n<meta property=\"og:locale\" content=\"de_DE\" \/>\n<meta property=\"og:type\" content=\"article\" \/>\n<meta property=\"og:title\" content=\"Standorte | SITS\" \/>\n<meta property=\"og:description\" content=\"Standorte \u00bb Jetzt informieren!\" \/>\n<meta property=\"og:url\" content=\"https:\/\/sits.friendventure.dev\/de\/standorte\/\" \/>\n<meta property=\"og:site_name\" content=\"SITS\" \/>\n<meta property=\"article:modified_time\" content=\"2025-03-17T12:00:16+00:00\" \/>\n<meta name=\"twitter:card\" content=\"summary_large_image\" \/>\n<meta name=\"twitter:label1\" content=\"Est. reading time\" \/>\n\t<meta name=\"twitter:data1\" content=\"2 minutes\" \/>\n<script type=\"application\/ld+json\" class=\"yoast-schema-graph\">{\"@context\":\"https:\/\/schema.org\",\"@graph\":[{\"@type\":\"WebPage\",\"@id\":\"https:\/\/sits.friendventure.dev\/de\/standorte\/\",\"url\":\"https:\/\/sits.friendventure.dev\/de\/standorte\/\",\"name\":\"Standorte | SITS\",\"isPartOf\":{\"@id\":\"https:\/\/sits.friendventure.dev\/de\/#website\"},\"datePublished\":\"2024-07-17T07:32:09+00:00\",\"dateModified\":\"2025-03-17T12:00:16+00:00\",\"description\":\"Standorte \u00bb Jetzt informieren!\",\"breadcrumb\":{\"@id\":\"https:\/\/sits.friendventure.dev\/de\/standorte\/#breadcrumb\"},\"inLanguage\":\"de\",\"potentialAction\":[{\"@type\":\"ReadAction\",\"target\":[\"https:\/\/sits.friendventure.dev\/de\/standorte\/\"]}]},{\"@type\":\"BreadcrumbList\",\"@id\":\"https:\/\/sits.friendventure.dev\/de\/standorte\/#breadcrumb\",\"itemListElement\":[{\"@type\":\"ListItem\",\"position\":1,\"name\":\"Startseite\",\"item\":\"https:\/\/sits.friendventure.dev\/de\/\"},{\"@type\":\"ListItem\",\"position\":2,\"name\":\"Standorte\"}]},{\"@type\":\"WebSite\",\"@id\":\"https:\/\/sits.friendventure.dev\/de\/#website\",\"url\":\"https:\/\/sits.friendventure.dev\/de\/\",\"name\":\"SITS\",\"description\":\"\",\"publisher\":{\"@id\":\"https:\/\/sits.friendventure.dev\/de\/#organization\"},\"potentialAction\":[{\"@type\":\"SearchAction\",\"target\":{\"@type\":\"EntryPoint\",\"urlTemplate\":\"https:\/\/sits.friendventure.dev\/de\/?s={search_term_string}\"},\"query-input\":{\"@type\":\"PropertyValueSpecification\",\"valueRequired\":true,\"valueName\":\"search_term_string\"}}],\"inLanguage\":\"de\"},{\"@type\":\"Organization\",\"@id\":\"https:\/\/sits.friendventure.dev\/de\/#organization\",\"name\":\"SITS\",\"url\":\"https:\/\/sits.friendventure.dev\/de\/\",\"logo\":{\"@type\":\"ImageObject\",\"inLanguage\":\"de\",\"@id\":\"https:\/\/sits.friendventure.dev\/de\/#\/schema\/logo\/image\/\",\"url\":\"https:\/\/sits.friendventure.dev\/wp-content\/uploads\/2024\/04\/sits-logo-new.svg\",\"contentUrl\":\"https:\/\/sits.friendventure.dev\/wp-content\/uploads\/2024\/04\/sits-logo-new.svg\",\"width\":557,\"height\":322,\"caption\":\"SITS\"},\"image\":{\"@id\":\"https:\/\/sits.friendventure.dev\/de\/#\/schema\/logo\/image\/\"}}]}<\/script>\n<!-- \/ Yoast SEO plugin. -->","yoast_head_json":{"title":"Standorte | SITS","description":"Standorte \u00bb Jetzt informieren!","robots":{"index":"noindex","follow":"nofollow"},"og_locale":"de_DE","og_type":"article","og_title":"Standorte | SITS","og_description":"Standorte \u00bb Jetzt informieren!","og_url":"https:\/\/sits.friendventure.dev\/de\/standorte\/","og_site_name":"SITS","article_modified_time":"2025-03-17T12:00:16+00:00","twitter_card":"summary_large_image","twitter_misc":{"Est. reading time":"2 minutes"},"schema":{"@context":"https:\/\/schema.org","@graph":[{"@type":"WebPage","@id":"https:\/\/sits.friendventure.dev\/de\/standorte\/","url":"https:\/\/sits.friendventure.dev\/de\/standorte\/","name":"Standorte | SITS","isPartOf":{"@id":"https:\/\/sits.friendventure.dev\/de\/#website"},"datePublished":"2024-07-17T07:32:09+00:00","dateModified":"2025-03-17T12:00:16+00:00","description":"Standorte \u00bb Jetzt informieren!","breadcrumb":{"@id":"https:\/\/sits.friendventure.dev\/de\/standorte\/#breadcrumb"},"inLanguage":"de","potentialAction":[{"@type":"ReadAction","target":["https:\/\/sits.friendventure.dev\/de\/standorte\/"]}]},{"@type":"BreadcrumbList","@id":"https:\/\/sits.friendventure.dev\/de\/standorte\/#breadcrumb","itemListElement":[{"@type":"ListItem","position":1,"name":"Startseite","item":"https:\/\/sits.friendventure.dev\/de\/"},{"@type":"ListItem","position":2,"name":"Standorte"}]},{"@type":"WebSite","@id":"https:\/\/sits.friendventure.dev\/de\/#website","url":"https:\/\/sits.friendventure.dev\/de\/","name":"SITS","description":"","publisher":{"@id":"https:\/\/sits.friendventure.dev\/de\/#organization"},"potentialAction":[{"@type":"SearchAction","target":{"@type":"EntryPoint","urlTemplate":"https:\/\/sits.friendventure.dev\/de\/?s={search_term_string}"},"query-input":{"@type":"PropertyValueSpecification","valueRequired":true,"valueName":"search_term_string"}}],"inLanguage":"de"},{"@type":"Organization","@id":"https:\/\/sits.friendventure.dev\/de\/#organization","name":"SITS","url":"https:\/\/sits.friendventure.dev\/de\/","logo":{"@type":"ImageObject","inLanguage":"de","@id":"https:\/\/sits.friendventure.dev\/de\/#\/schema\/logo\/image\/","url":"https:\/\/sits.friendventure.dev\/wp-content\/uploads\/2024\/04\/sits-logo-new.svg","contentUrl":"https:\/\/sits.friendventure.dev\/wp-content\/uploads\/2024\/04\/sits-logo-new.svg","width":557,"height":322,"caption":"SITS"},"image":{"@id":"https:\/\/sits.friendventure.dev\/de\/#\/schema\/logo\/image\/"}}]}},"_links":{"self":[{"href":"https:\/\/sits.friendventure.dev\/de\/wp-json\/wp\/v2\/pages\/15892","targetHints":{"allow":["GET"]}}],"collection":[{"href":"https:\/\/sits.friendventure.dev\/de\/wp-json\/wp\/v2\/pages"}],"about":[{"href":"https:\/\/sits.friendventure.dev\/de\/wp-json\/wp\/v2\/types\/page"}],"author":[{"embeddable":true,"href":"https:\/\/sits.friendventure.dev\/de\/wp-json\/wp\/v2\/users\/1"}],"replies":[{"embeddable":true,"href":"https:\/\/sits.friendventure.dev\/de\/wp-json\/wp\/v2\/comments?post=15892"}],"version-history":[{"count":63,"href":"https:\/\/sits.friendventure.dev\/de\/wp-json\/wp\/v2\/pages\/15892\/revisions"}],"predecessor-version":[{"id":25399,"href":"https:\/\/sits.friendventure.dev\/de\/wp-json\/wp\/v2\/pages\/15892\/revisions\/25399"}],"wp:attachment":[{"href":"https:\/\/sits.friendventure.dev\/de\/wp-json\/wp\/v2\/media?parent=15892"}],"curies":[{"name":"wp","href":"https:\/\/api.w.org\/{rel}","templated":true}]}}