{"id":15295,"date":"2024-06-20T14:38:02","date_gmt":"2024-06-20T12:38:02","guid":{"rendered":"https:\/\/sits.com\/?page_id=15295"},"modified":"2024-07-12T13:29:41","modified_gmt":"2024-07-12T11:29:41","slug":"apsec","status":"publish","type":"page","link":"https:\/\/sits.friendventure.dev\/de\/apsec\/","title":{"rendered":"apsec"},"content":{"rendered":"<section class=\"wpb-content-wrapper\"><p>[vc_row][vc_column]<div class=\"smx_global_spacer size-l\"><\/div>\n[\/vc_column][\/vc_row][vc_row][vc_column]<div class=\"smx_global_spacer size-l\"><\/div>\n[\/vc_column][\/vc_row][vc_row][vc_column][\/vc_column][\/vc_row][vc_row][vc_column width=\"1\/4\"][vc_single_image image=\"15883\" img_size=\"full\" activate_fancybox=\"yes\"][\/vc_column][vc_column width=\"3\/4\"][vc_column_text]<\/p>\n<div class=\"headline h2\">\n<p>Sehr geehrte Interessenten, Kunden und Gesch\u00e4ftspartner,<\/p>\n<p>gerne m\u00f6chten wir Sie informieren, dass die apsec \u2013 Applied Security GmbH rechtswirksam auf die SITS Group \u00fcbergegangen ist. Die Zusammenf\u00fchrung der apsec mit der SITS er\u00f6ffnet uns die M\u00f6glichkeit, unsere St\u00e4rken zu b\u00fcndeln und dadurch noch bessere Dienstleistungen anzubieten. Dieser Erfolg ist auch Ihrem Vertrauen und Ihrer Unterst\u00fctzung zu verdanken. Wir m\u00f6chten uns deshalb besonders herzlich bei Ihnen f\u00fcr die gro\u00dfartige Zusammenarbeit bedanken.<\/p>\n<p>Diese Entwicklung bringt keinerlei operative oder rechtliche Nachteile f\u00fcr Sie mit sich. Alle laufenden Gesch\u00e4ftsbeziehungen und Projekte bleiben unber\u00fchrt, s\u00e4mtliche Vertr\u00e4ge und Vereinbarungen behalten ihre G\u00fcltigkeit. Die zertifizierte Qualit\u00e4t unserer Arbeit bleibt selbstverst\u00e4ndlich erhalten. Alle Rechte und Pflichten werden vollumf\u00e4nglich von der SITS Group \u00fcbernommen und fortgef\u00fchrt.<\/p>\n<p>Wir danken Ihnen f\u00fcr Ihr Vertrauen und stehen Ihnen bei Fragen gerne zur Verf\u00fcgung.<\/p>\n<p>Freundliche Gr\u00fc\u00dfe<br \/>\nIhr Team der apsec<\/p>\n<\/div>\n<p>[\/vc_column_text][\/vc_column][\/vc_row][vc_row][vc_column]<div class=\"smx_global_spacer size-s\"><\/div>\n<div class=\"btn-wrapper btn-center\">\n    <div class=\"btn btn--inverted btn--green\">\n        <a href=\"https:\/\/sits.com\/de\/\" class=\"btn-text\" title=\"Zur SITS Group\">\n            Zur SITS Group        <\/a>\n        <div><\/div>\n    <\/div> \n<\/div><div class=\"smx_global_spacer size-l\"><\/div>\n[\/vc_column][\/vc_row][vc_row][vc_column]<div class=\"smx_global_spacer size-l\"><\/div>\n[\/vc_column][\/vc_row][vc_row][vc_column][\/vc_column][\/vc_row]<\/p>\n<\/section>","protected":false},"excerpt":{"rendered":"<p>[vc_row][vc_column][\/vc_column][\/vc_row][vc_row][vc_column][\/vc_column][\/vc_row][vc_row][vc_column][\/vc_column][\/vc_row][vc_row][vc_column width=&#8221;1\/4&#8243;][vc_single_image image=&#8221;15883&#8243; img_size=&#8221;full&#8221; activate_fancybox=&#8221;yes&#8221;][\/vc_column][vc_column width=&#8221;3\/4&#8243;][vc_column_text] Sehr geehrte Interessenten, Kunden und Gesch\u00e4ftspartner, gerne m\u00f6chten wir Sie informieren, dass die apsec \u2013 Applied Security GmbH rechtswirksam auf die SITS Group \u00fcbergegangen ist. Die Zusammenf\u00fchrung der apsec mit der SITS er\u00f6ffnet uns die M\u00f6glichkeit, unsere St\u00e4rken zu b\u00fcndeln und dadurch noch bessere Dienstleistungen anzubieten. Dieser Erfolg ist [&hellip;]<\/p>\n","protected":false},"author":12,"featured_media":0,"parent":0,"menu_order":0,"comment_status":"closed","ping_status":"closed","template":"","meta":{"inline_featured_image":false,"footnotes":""},"class_list":["post-15295","page","type-page","status-publish","hentry"],"acf":[],"yoast_head":"<!-- This site is optimized with the Yoast SEO plugin v24.9 - https:\/\/yoast.com\/wordpress\/plugins\/seo\/ -->\n<title>apsec | SITS<\/title>\n<meta name=\"description\" content=\"die ESC \u2013 Enterprise Security Center GmbH ist rechtswirksam auf die SITS Group \u00fcbergegangen.\" \/>\n<meta name=\"robots\" content=\"noindex, follow, max-snippet:-1, max-image-preview:large, max-video-preview:-1\" \/>\n<meta property=\"og:locale\" content=\"de_DE\" \/>\n<meta property=\"og:type\" content=\"article\" \/>\n<meta property=\"og:title\" content=\"apsec | SITS\" \/>\n<meta property=\"og:description\" content=\"die ESC \u2013 Enterprise Security Center GmbH ist rechtswirksam auf die SITS Group \u00fcbergegangen.\" \/>\n<meta property=\"og:url\" content=\"https:\/\/sits.friendventure.dev\/de\/apsec\/\" \/>\n<meta property=\"og:site_name\" content=\"SITS\" \/>\n<meta property=\"article:modified_time\" content=\"2024-07-12T11:29:41+00:00\" \/>\n<meta name=\"twitter:card\" content=\"summary_large_image\" \/>\n<meta name=\"twitter:label1\" content=\"Est. reading time\" \/>\n\t<meta name=\"twitter:data1\" content=\"2 minutes\" \/>\n<script type=\"application\/ld+json\" class=\"yoast-schema-graph\">{\"@context\":\"https:\/\/schema.org\",\"@graph\":[{\"@type\":\"WebPage\",\"@id\":\"https:\/\/sits.friendventure.dev\/de\/apsec\/\",\"url\":\"https:\/\/sits.friendventure.dev\/de\/apsec\/\",\"name\":\"apsec | SITS\",\"isPartOf\":{\"@id\":\"https:\/\/sits.friendventure.dev\/de\/#website\"},\"datePublished\":\"2024-06-20T12:38:02+00:00\",\"dateModified\":\"2024-07-12T11:29:41+00:00\",\"description\":\"die ESC \u2013 Enterprise Security Center GmbH ist rechtswirksam auf die SITS Group \u00fcbergegangen.\",\"breadcrumb\":{\"@id\":\"https:\/\/sits.friendventure.dev\/de\/apsec\/#breadcrumb\"},\"inLanguage\":\"de\",\"potentialAction\":[{\"@type\":\"ReadAction\",\"target\":[\"https:\/\/sits.friendventure.dev\/de\/apsec\/\"]}]},{\"@type\":\"BreadcrumbList\",\"@id\":\"https:\/\/sits.friendventure.dev\/de\/apsec\/#breadcrumb\",\"itemListElement\":[{\"@type\":\"ListItem\",\"position\":1,\"name\":\"Startseite\",\"item\":\"https:\/\/sits.friendventure.dev\/de\/\"},{\"@type\":\"ListItem\",\"position\":2,\"name\":\"apsec\"}]},{\"@type\":\"WebSite\",\"@id\":\"https:\/\/sits.friendventure.dev\/de\/#website\",\"url\":\"https:\/\/sits.friendventure.dev\/de\/\",\"name\":\"SITS\",\"description\":\"\",\"publisher\":{\"@id\":\"https:\/\/sits.friendventure.dev\/de\/#organization\"},\"potentialAction\":[{\"@type\":\"SearchAction\",\"target\":{\"@type\":\"EntryPoint\",\"urlTemplate\":\"https:\/\/sits.friendventure.dev\/de\/?s={search_term_string}\"},\"query-input\":{\"@type\":\"PropertyValueSpecification\",\"valueRequired\":true,\"valueName\":\"search_term_string\"}}],\"inLanguage\":\"de\"},{\"@type\":\"Organization\",\"@id\":\"https:\/\/sits.friendventure.dev\/de\/#organization\",\"name\":\"SITS\",\"url\":\"https:\/\/sits.friendventure.dev\/de\/\",\"logo\":{\"@type\":\"ImageObject\",\"inLanguage\":\"de\",\"@id\":\"https:\/\/sits.friendventure.dev\/de\/#\/schema\/logo\/image\/\",\"url\":\"https:\/\/sits.friendventure.dev\/wp-content\/uploads\/2024\/04\/sits-logo-new.svg\",\"contentUrl\":\"https:\/\/sits.friendventure.dev\/wp-content\/uploads\/2024\/04\/sits-logo-new.svg\",\"width\":557,\"height\":322,\"caption\":\"SITS\"},\"image\":{\"@id\":\"https:\/\/sits.friendventure.dev\/de\/#\/schema\/logo\/image\/\"}}]}<\/script>\n<!-- \/ Yoast SEO plugin. -->","yoast_head_json":{"title":"apsec | SITS","description":"die ESC \u2013 Enterprise Security Center GmbH ist rechtswirksam auf die SITS Group \u00fcbergegangen.","robots":{"index":"noindex","follow":"follow","max-snippet":"max-snippet:-1","max-image-preview":"max-image-preview:large","max-video-preview":"max-video-preview:-1"},"og_locale":"de_DE","og_type":"article","og_title":"apsec | SITS","og_description":"die ESC \u2013 Enterprise Security Center GmbH ist rechtswirksam auf die SITS Group \u00fcbergegangen.","og_url":"https:\/\/sits.friendventure.dev\/de\/apsec\/","og_site_name":"SITS","article_modified_time":"2024-07-12T11:29:41+00:00","twitter_card":"summary_large_image","twitter_misc":{"Est. reading time":"2 minutes"},"schema":{"@context":"https:\/\/schema.org","@graph":[{"@type":"WebPage","@id":"https:\/\/sits.friendventure.dev\/de\/apsec\/","url":"https:\/\/sits.friendventure.dev\/de\/apsec\/","name":"apsec | SITS","isPartOf":{"@id":"https:\/\/sits.friendventure.dev\/de\/#website"},"datePublished":"2024-06-20T12:38:02+00:00","dateModified":"2024-07-12T11:29:41+00:00","description":"die ESC \u2013 Enterprise Security Center GmbH ist rechtswirksam auf die SITS Group \u00fcbergegangen.","breadcrumb":{"@id":"https:\/\/sits.friendventure.dev\/de\/apsec\/#breadcrumb"},"inLanguage":"de","potentialAction":[{"@type":"ReadAction","target":["https:\/\/sits.friendventure.dev\/de\/apsec\/"]}]},{"@type":"BreadcrumbList","@id":"https:\/\/sits.friendventure.dev\/de\/apsec\/#breadcrumb","itemListElement":[{"@type":"ListItem","position":1,"name":"Startseite","item":"https:\/\/sits.friendventure.dev\/de\/"},{"@type":"ListItem","position":2,"name":"apsec"}]},{"@type":"WebSite","@id":"https:\/\/sits.friendventure.dev\/de\/#website","url":"https:\/\/sits.friendventure.dev\/de\/","name":"SITS","description":"","publisher":{"@id":"https:\/\/sits.friendventure.dev\/de\/#organization"},"potentialAction":[{"@type":"SearchAction","target":{"@type":"EntryPoint","urlTemplate":"https:\/\/sits.friendventure.dev\/de\/?s={search_term_string}"},"query-input":{"@type":"PropertyValueSpecification","valueRequired":true,"valueName":"search_term_string"}}],"inLanguage":"de"},{"@type":"Organization","@id":"https:\/\/sits.friendventure.dev\/de\/#organization","name":"SITS","url":"https:\/\/sits.friendventure.dev\/de\/","logo":{"@type":"ImageObject","inLanguage":"de","@id":"https:\/\/sits.friendventure.dev\/de\/#\/schema\/logo\/image\/","url":"https:\/\/sits.friendventure.dev\/wp-content\/uploads\/2024\/04\/sits-logo-new.svg","contentUrl":"https:\/\/sits.friendventure.dev\/wp-content\/uploads\/2024\/04\/sits-logo-new.svg","width":557,"height":322,"caption":"SITS"},"image":{"@id":"https:\/\/sits.friendventure.dev\/de\/#\/schema\/logo\/image\/"}}]}},"_links":{"self":[{"href":"https:\/\/sits.friendventure.dev\/de\/wp-json\/wp\/v2\/pages\/15295","targetHints":{"allow":["GET"]}}],"collection":[{"href":"https:\/\/sits.friendventure.dev\/de\/wp-json\/wp\/v2\/pages"}],"about":[{"href":"https:\/\/sits.friendventure.dev\/de\/wp-json\/wp\/v2\/types\/page"}],"author":[{"embeddable":true,"href":"https:\/\/sits.friendventure.dev\/de\/wp-json\/wp\/v2\/users\/12"}],"replies":[{"embeddable":true,"href":"https:\/\/sits.friendventure.dev\/de\/wp-json\/wp\/v2\/comments?post=15295"}],"version-history":[{"count":6,"href":"https:\/\/sits.friendventure.dev\/de\/wp-json\/wp\/v2\/pages\/15295\/revisions"}],"predecessor-version":[{"id":15889,"href":"https:\/\/sits.friendventure.dev\/de\/wp-json\/wp\/v2\/pages\/15295\/revisions\/15889"}],"wp:attachment":[{"href":"https:\/\/sits.friendventure.dev\/de\/wp-json\/wp\/v2\/media?parent=15295"}],"curies":[{"name":"wp","href":"https:\/\/api.w.org\/{rel}","templated":true}]}}