{"id":14219,"date":"2024-05-02T11:47:16","date_gmt":"2024-05-02T09:47:16","guid":{"rendered":"https:\/\/sits.com\/?page_id=14219"},"modified":"2024-08-20T14:20:18","modified_gmt":"2024-08-20T12:20:18","slug":"datenschutz-anwendungen","status":"publish","type":"page","link":"https:\/\/sits.friendventure.dev\/de\/datenschutz-anwendungen\/","title":{"rendered":"Datenschutz Anwendungen"},"content":{"rendered":"<section class=\"wpb-content-wrapper\"><p>[vc_row full_width=\"stretch_row_content_no_spaces\" el_id=\"header\"][vc_column][vc_raw_html]JTNDc3R5bGUlM0UlMEElMEFoMSUyMCU3QiUwQWZvbnQtZmFtaWx5JTNBJTIwUG9wcGlucyUyQyUyMHNhbnMtc2VyaWYlM0IlMEFmb250LXNpemUlM0ElMjAzMnB4JTNCJTBBZm9udC1zdHlsZSUzQSUyMG5vcm1hbCUzQiUwQWZvbnQtd2VpZ2h0JTNBJTIwMzAwJTNCJTBBcGFkZGluZy1ib3R0b20lM0ElMjA0MHB4JTNCJTBBcGFkZGluZy10b3AlM0ElMjAzMHB4JTNCJTBBJTBBJTBBJTdEJTBBJTBBaDIlMjAlN0IlMEFmb250LXNpemUlM0ElMjAyNHB4JTNCJTBBZm9udC1mYW1pbHklM0ElMjBQb3BwaW5zJTJDJTIwc2Fucy1zZXJpZiUzQiUwQWZvbnQtc3R5bGUlM0ElMjBub3JtYWwlM0IlMEFmb250LXdlaWdodCUzQSUyMDMwMCUzQiUwQXBhZGRpbmctYm90dG9tJTNBJTIwOHB4JTNCJTBBcGFkZGluZy10b3AlM0ElMjAyMHB4JTNCJTdEJTBBJTBBJTBBdGFibGUlMjAlM0UlMjB0Ym9keSUyMCUzRSUyMHRyJTIwJTNFJTIwdGQlMjAlN0IlMEFib3JkZXIlM0ElMjAxcHglMjBzb2xpZCUyMCUyMzU5NTg1NiUzQiUwQSU3RCUwQSUwQSUzQyUyRnN0eWxlJTNFJTBB[\/vc_raw_html][\/vc_column][\/vc_row][vc_row][vc_column]<div class=\"smx_global_spacer size-l\"><\/div>\n[vc_column_text]<\/p>\n<h1 class=\"header_headline headline h1\">Datenschutz Anwendungen - SITS Deutschland GmbH<\/h1>\n<p>[\/vc_column_text][vc_column_text]<\/p>\n<h1>Information zum Verantwortlichen gem. Art. 4 Nr. 7 DSGVO<\/h1>\n<p>SITS Deutschland GmbH<br \/>\nKonrad-Adenauer-Ring 33<br \/>\n65187 Wiesbaden<br \/>\nDeutschland<\/p>\n<p>E-Mail:\u00a0<a href=\"mailto:info@sits-d.de\">INFO@SITS-D.DE<\/a><br \/>\nTel.: +49 611 945881-0<\/p>\n<h2>Datenschutzbeauftragte<\/h2>\n<p><span class=\"ContentPasted0\">Dr. Bettina Kraft,\u00a0<b><a class=\"ContentPasted0\" href=\"mailto:DPO@SITS-GROUP.CH\" data-linkindex=\"0\" data-loopstyle=\"linkonly\">DPO@SITS-GROUP.CH<\/a><\/b>, Konrad-Adenauer-Ring 33, 65187 Wiesbaden, Fon: +49 611 945881-99<\/span><\/p>\n<p>Der Verantwortliche ist die nat\u00fcrliche oder juristische Person, die allein oder gemeinsam mit anderen \u00fcber die Zwecke und Mittel der Verarbeitung von personenbezogenen Daten (z. B. Namen, E-Mail-Adressen) entscheidet.<\/p>\n<h1>1. Datenverarbeitung bei Teilnahme an einer Terminumfrage<\/h1>\n<p>Die SITS Deutschland GmbH nutzt den Microsoft Dienst FindTime, um Umfragen zur Terminfindung durchzuf\u00fchren. Wenn Sie zu einer solchen Umfrage eingeladen werden, werden folgende Daten von Ihnen gespeichert:<\/p>\n<ul>\n<li>Name und Vorname<\/li>\n<li>E-Mail Adresse<\/li>\n<li>Ihre Abstimmungseintragungen<\/li>\n<\/ul>\n<p>Die Daten werden im Postfach der\/des Einladenden gespeichert. 90 Tage nach Beendigung der Umfrage werden Ihre Daten automatisch gel\u00f6scht. Zur Laufzeit der Umfrage k\u00f6nnen alle Eingeladenen folgende Informationen \u00fcber die anderen Beteiligten sehen:<\/p>\n<ul>\n<li>Name und Vorname<\/li>\n<li>E-Mail Adresse<\/li>\n<li>Ob und wie die Beteiligten abgestimmt haben<\/li>\n<\/ul>\n<p>Aktualisierte Informationen dar\u00fcber, wie FindTime welche Daten nutzt, finden Sie hier:\u00a0<a href=\"https:\/\/support.microsoft.com\/en-us\/topic\/privacy-and-personal-data-protection-in-findtime-7dbbeb41-245c-4573-97ea-50fcb8610cde\" target=\"_blank\" rel=\"noopener\"><strong>HTTPS:\/\/SUPPORT.MICROSOFT.COM\/EN-US\/TOPIC\/PRIVACY-AND-PERSONAL-DATA-PROTECTION-IN-FINDTIME-7DBBEB41-245C-4573-97EA-50FCB8610CDE<\/strong><\/a><\/p>\n<p>Die Verarbeitung Ihrer Daten erfolgt auf Grundlage von Art. 6 Abs. 1 lit. b DSGVO, sofern die Terminumfrage mit der Erf\u00fcllung eines Vertrags zusammenh\u00e4ngt oder zur Durchf\u00fchrung vorvertraglicher Ma\u00dfnahmen erforderlich ist. In allen \u00fcbrigen F\u00e4llen beruht die Verarbeitung auf unseren berechtigten Interessen (Art. 6 Abs. 1 lit. f DSGVO), da wir ein berechtigtes Interesse an der effektiven Organisation von Besprechungen und Terminen haben. Wenn die Datenverarbeitung auf Grundlage von Art. 6 Abs. lit. 1f DSGVO erfolgt, haben Sie jederzeit das Recht, aus Gr\u00fcnden, die sich aus Ihrer besonderen Situation ergeben, Widerspruch einzulegen. Wir werden dann Ihre betroffenen personenbezogenen Daten nicht mehr verarbeiten, es sei denn, die Verarbeitung dient der Geltendmachung, Aus\u00fcbung oder Verteidigung von Rechtsanspr\u00fcchen oder wir k\u00f6nnen zwingende schutzw\u00fcrdige Gr\u00fcnde f\u00fcr die Verarbeitung nachweisen, die Ihre Interessen, Rechte und Freiheiten \u00fcberwiegen (s. Art. 21 Abs. 1 DSGVO).<\/p>\n<p>Wir weisen ausdr\u00fccklich darauf hin, dass die Einladung zu einer Terminumfrage ausschlie\u00dflich an Sie pers\u00f6nlich gerichtet ist. Eine Weiterleitung der E-Mail oder eine Weitergabe des in der E-Mail beinhalteten Links zur Abstimmungsseite an Dritte ist nicht gestattet.<\/p>\n<h1>2. Datenverarbeitung bei Teilnahme an einem Webinar<\/h1>\n<p>F\u00fcr die Anmeldung zum Webinar verarbeiten wir die folgenden Datenarten:<\/p>\n<ul>\n<li>Name und Vorname<\/li>\n<li>E-Mail Adresse<\/li>\n<li>Telefonnummer<\/li>\n<li>Firmenzugeh\u00f6rigkeit<\/li>\n<\/ul>\n<p>Rechtsgrundlage ist Art. 6 Abs. 1 lit. b), f) DSGVO. Zweck der Datenverarbeitung ist die Durchf\u00fchrung des Webinars und damit die Abwicklung des Vertrags mit Ihnen, bzw. des Unternehmens, der Stelle oder der sonstigen Einrichtung, der Sie angeh\u00f6ren. Unsere berechtigten Interessen sind die Organisation des Webinars sowie die damit verbundene Vereinheitlichung und Vereinfachung der Kommunikation, bzw. des Datenaustauschs durch die Inanspruchnahme des dabei eingesetzten Online-Dienstes.<\/p>\n<p>Zugriff auf Ihre Daten haben unsere Mitarbeitenden im Marketing\/Vertrieb, die mit diesen Daten zur Aufgabenerf\u00fcllung umgehen m\u00fcssen.<br \/>\nNach Beendigung des Webinars und Ablauf der sich daran anschlie\u00dfenden Aufbewahrungsfristen werden wir Ihre Daten l\u00f6schen, sofern wir diese nicht mehr zur Geltendmachung, Aus\u00fcbung oder Verteidigung von Rechtsanspr\u00fcchen ben\u00f6tigen. W\u00e4hrend des Webinars werden \u00fcber den von uns eingesetzten Online-Dienst (MS 365) auch Benutzerdaten sowie Nutzungsdaten (Chatprotokolle, Kommunikationsmetadaten, Teilnahmedauer) von Ihnen erhoben und f\u00fcr mindestens 90 Tage gespeichert.<\/p>\n<p>Um das Webinar durchzuf\u00fchren, verwenden wir Microsoft Teams. Empf\u00e4nger der dabei verarbeiteten Daten ist Microsoft Ireland Operations Limited. Die damit verbundene Daten\u00fcbermittlung ist abgesichert \u00fcber EU-Standardvertragsklauseln, die wir mit dem Dienstleister abgeschlossen haben. Eine sonstige Daten\u00fcbermittlung in Drittstaaten findet nicht statt.<\/p>\n<h1>3. Servicedesk<\/h1>\n<p>Wir bieten unseren Kunden und deren Mitarbeitern an, sich auf unserem Servicedesk (<a href=\"https:\/\/servicedesk.sits-d.de\/\" target=\"_blank\" rel=\"noopener\">HTTPS:\/\/SERVICEDESK.SITS-D.DE<\/a>) zu registrieren, um bei Problemen mit einem unserer Produkte oder wenn technischen Hilfestellungen erforderlich sind, ein Ticket erstellen zu k\u00f6nnen.<\/p>\n<p>F\u00fcr die Registrierung am Servicedesk ben\u00f6tigen wir folgende Angaben von Ihnen:<\/p>\n<ul>\n<li>Benutzername (Pflicht)<\/li>\n<li>Passwort (Pflicht)<\/li>\n<li>Vorname (Pflicht)<\/li>\n<li>E-Mail- Adresse (Pflicht)<\/li>\n<\/ul>\n<p>Nachdem Sie sich beim Servicedesk registriert haben, k\u00f6nnen Sie sich jederzeit mit Ihrem Benutzername und dem Passwort anmelden, um neue Tickets zu erstellen sowie Ihre bereits erstellten Tickets einsehen. Ihre bei der Registrierung angegebenen Daten k\u00f6nnen Sie jederzeit im Servicedesk selbst verwalten und ab\u00e4ndern. k\u00f6nnen auch weitere personenbezogene Daten verarbeitet werden, welche im Rahmen der Beschreibung des Tickets von Ihnen bekannt gegeben werden.<\/p>\n<p>Es kommen nur solche Mitarbeiter mit Ihren personenbezogenen Daten \u00fcber den Servicedesk in Ber\u00fchrung, welche diese f\u00fcr die Aus\u00fcbung ihrer T\u00e4tigkeit ben\u00f6tigen.<\/p>\n<p>Wir verarbeiten Ihre Daten \u00fcber den Servicedesk zur Durchf\u00fchrung eines Vertrages mit Ihnen gem\u00e4\u00df Art 6 Abs. 1 lit. b DSGVO.<\/p>\n<p>Tickets werden gel\u00f6scht\/ anonymisiert, wenn der Zweck hierf\u00fcr entf\u00e4llt und keine weitere gesetzliche Aufbewahrungspflicht besteht sowie diese nicht zur Aus\u00fcbung, Durchf\u00fchrung oder Geltendmachung rechtlicher Anspr\u00fcche ben\u00f6tigt werden.<\/p>\n<h1>4. TeamViewer<\/h1>\n<p>Im Rahmen der Fernwartung und unseres Helpdesks kann die Software von Teamviewer zum Einsatz kommen. Anbieter dieser Software ist die TeamViewer GmbH, Jahnstr. 30, 73037 G\u00f6ppingen. Wenn Sie Fernwartung in Anspruch nehmen m\u00f6chten, m\u00fcssen Sie mittels eines von uns zur Verf\u00fcgung gestellten Links die TeamViewer-Software vom Anbieter herunterladen und auf Ihrem Rechner ablaufen lassen. TeamViewer erm\u00f6glicht es tempor\u00e4r auf Ihr System zuzugreifen, Ihren Bildschirm einzusehen sowie Maus und Tastatur fernzusteuern. Bitte schlie\u00dfen Sie vor Ihrer Freigabe alle Fenster mit datenschutzrechtlich zu sch\u00fctzenden oder unternehmenskritischen Inhalten. F\u00fcr Team Viewer gelten allein die Datenschutzbestimmungen der TeamViewer GmbH als Ihr Vertragspartner f\u00fcr die Nutzung der Software, die unter\u00a0<a href=\"https:\/\/www.teamviewer.com\/de\/privacy-policy\/\" target=\"_blank\" rel=\"noopener\">HTTPS:\/\/WWW.TEAMVIEWER.COM\/DE\/PRIVACY-POLICY\/<\/a>\u00a0abrufbar sind.<\/p>\n<h1>5. Kundenportal<\/h1>\n<p>Das Kunden-Portal dient nur zur Einsicht in Abrechnungsdaten. Sie k\u00f6nnen dort Ihr Kennwort \u00e4ndern und Ihre Adressdaten einsehen. Eine Verarbeitung personenbezogener Daten dar\u00fcber hinaus findet dort nicht statt.<\/p>\n<h1>6. Domainantrag oder Inhaberwechsel<\/h1>\n<p>Wenn Sie eine Domain beantragen oder den Inhaber wechseln m\u00f6chten, erheben wir die Namen und Kontaktdaten des Domaininhabers sowie ggfs. des urspr\u00fcnglichen Domaininhabers, des Admin Cs sowie des Rechnungsempf\u00e4ngers und dessen Bankverbindung. Die Erhebung der Daten erfolgt gem. Art. 6 Abs. 1 lit. b) DSGVO zur Abwicklung der Vertragsbeziehung.<\/p>\n<p>Empf\u00e4nger der Daten:<\/p>\n<table width=\"576\">\n<tbody>\n<tr>\n<td width=\"283\">.de-Domains:<\/td>\n<td width=\"293\">DENIC eG<br \/>\nKaiserstra\u00dfe 75 \u2013 77<br \/>\n60329 Frankfurt am Main<br \/>\n+49 69 27 235 0<br \/>\n<a href=\"mailto:info@denic.de\">INFO@DENIC.DE<\/a><\/td>\n<\/tr>\n<tr>\n<td width=\"283\">Alle anderen:<\/td>\n<td width=\"293\">Knipp Medien und Kommunikation GmbH<br \/>\nTechnologiepark<br \/>\nMartin-Schmei\u00dfer-Weg 9<br \/>\n44227 Dortmund<br \/>\n+49 231 9703-0<br \/>\n<a href=\"mailto:info@knipp.de\">INFO@KNIPP.DE<\/a><\/td>\n<\/tr>\n<\/tbody>\n<\/table>\n<p>Die Daten werden \u00fcber die Dauer des Vertrags hinaus noch 10 Jahre aufbewahrt und anschlie\u00dfend gel\u00f6scht.<\/p>\n<h1>7. SEPA-Lastschriftmandat<\/h1>\n<p>Wenn Sie uns ein SEPA-Lastschriftmandat erteilen, erheben wir Ihre Bankverbindungsdaten im Rahmen des Art. 6 Abs. 1 lit. b) DSGVO zur Abwicklung der Vertragsbeziehung. Die Daten werden \u00fcber die Dauer des Vertrags hinaus noch 10 Jahre aufbewahrt und anschlie\u00dfend gel\u00f6scht.<\/p>\n<h1>8. Allgemeines<\/h1>\n<p>Sofern in dieser\u00a0<em>Datenschutzerkl\u00e4rung Anwendungen\u00a0<\/em>nichts Spezielles geregelt ist, gilt das unter\u00a0<em>Datenschutz<\/em>\u00a0bereits Gesagte.[\/vc_column_text][\/vc_column][\/vc_row]<\/p>\n<\/section>","protected":false},"excerpt":{"rendered":"<p>[vc_row full_width=&#8221;stretch_row_content_no_spaces&#8221; el_id=&#8221;header&#8221;][vc_column][vc_raw_html]JTNDc3R5bGUlM0UlMEElMEFoMSUyMCU3QiUwQWZvbnQtZmFtaWx5JTNBJTIwUG9wcGlucyUyQyUyMHNhbnMtc2VyaWYlM0IlMEFmb250LXNpemUlM0ElMjAzMnB4JTNCJTBBZm9udC1zdHlsZSUzQSUyMG5vcm1hbCUzQiUwQWZvbnQtd2VpZ2h0JTNBJTIwMzAwJTNCJTBBcGFkZGluZy1ib3R0b20lM0ElMjA0MHB4JTNCJTBBcGFkZGluZy10b3AlM0ElMjAzMHB4JTNCJTBBJTBBJTBBJTdEJTBBJTBBaDIlMjAlN0IlMEFmb250LXNpemUlM0ElMjAyNHB4JTNCJTBBZm9udC1mYW1pbHklM0ElMjBQb3BwaW5zJTJDJTIwc2Fucy1zZXJpZiUzQiUwQWZvbnQtc3R5bGUlM0ElMjBub3JtYWwlM0IlMEFmb250LXdlaWdodCUzQSUyMDMwMCUzQiUwQXBhZGRpbmctYm90dG9tJTNBJTIwOHB4JTNCJTBBcGFkZGluZy10b3AlM0ElMjAyMHB4JTNCJTdEJTBBJTBBJTBBdGFibGUlMjAlM0UlMjB0Ym9keSUyMCUzRSUyMHRyJTIwJTNFJTIwdGQlMjAlN0IlMEFib3JkZXIlM0ElMjAxcHglMjBzb2xpZCUyMCUyMzU5NTg1NiUzQiUwQSU3RCUwQSUwQSUzQyUyRnN0eWxlJTNFJTBB[\/vc_raw_html][\/vc_column][\/vc_row][vc_row][vc_column][vc_column_text] Datenschutz Anwendungen &#8211; SITS Deutschland GmbH [\/vc_column_text][vc_column_text] Information zum Verantwortlichen gem. Art. 4 Nr. 7 DSGVO SITS Deutschland GmbH Konrad-Adenauer-Ring 33 65187 Wiesbaden Deutschland E-Mail:\u00a0INFO@SITS-D.DE Tel.: +49 611 945881-0 Datenschutzbeauftragte Dr. Bettina Kraft,\u00a0DPO@SITS-GROUP.CH, Konrad-Adenauer-Ring 33, 65187 Wiesbaden, Fon: +49 611 945881-99 Der Verantwortliche ist die nat\u00fcrliche oder juristische Person, die allein oder [&hellip;]<\/p>\n","protected":false},"author":2,"featured_media":0,"parent":0,"menu_order":0,"comment_status":"closed","ping_status":"closed","template":"","meta":{"inline_featured_image":false,"footnotes":""},"class_list":["post-14219","page","type-page","status-publish","hentry"],"acf":[],"yoast_head":"<!-- This site is optimized with the Yoast SEO plugin v24.9 - https:\/\/yoast.com\/wordpress\/plugins\/seo\/ -->\n<title>Datenschutz Anwendungen | SITS<\/title>\n<meta name=\"description\" content=\"Datenschutz Anwendungen \u00bb Jetzt informieren!\" \/>\n<meta name=\"robots\" content=\"noindex, follow, max-snippet:-1, max-image-preview:large, max-video-preview:-1\" \/>\n<meta property=\"og:locale\" content=\"de_DE\" \/>\n<meta property=\"og:type\" content=\"article\" \/>\n<meta property=\"og:title\" content=\"Datenschutz Anwendungen | SITS\" \/>\n<meta property=\"og:description\" content=\"Datenschutz Anwendungen \u00bb Jetzt informieren!\" \/>\n<meta property=\"og:url\" content=\"https:\/\/sits.friendventure.dev\/de\/datenschutz-anwendungen\/\" \/>\n<meta property=\"og:site_name\" content=\"SITS\" \/>\n<meta property=\"article:modified_time\" content=\"2024-08-20T12:20:18+00:00\" \/>\n<meta name=\"twitter:card\" content=\"summary_large_image\" \/>\n<meta name=\"twitter:label1\" content=\"Est. reading time\" \/>\n\t<meta name=\"twitter:data1\" content=\"7 minutes\" \/>\n<script type=\"application\/ld+json\" class=\"yoast-schema-graph\">{\"@context\":\"https:\/\/schema.org\",\"@graph\":[{\"@type\":\"WebPage\",\"@id\":\"https:\/\/sits.friendventure.dev\/de\/datenschutz-anwendungen\/\",\"url\":\"https:\/\/sits.friendventure.dev\/de\/datenschutz-anwendungen\/\",\"name\":\"Datenschutz Anwendungen | SITS\",\"isPartOf\":{\"@id\":\"https:\/\/sits.friendventure.dev\/de\/#website\"},\"datePublished\":\"2024-05-02T09:47:16+00:00\",\"dateModified\":\"2024-08-20T12:20:18+00:00\",\"description\":\"Datenschutz Anwendungen \u00bb Jetzt informieren!\",\"breadcrumb\":{\"@id\":\"https:\/\/sits.friendventure.dev\/de\/datenschutz-anwendungen\/#breadcrumb\"},\"inLanguage\":\"de\",\"potentialAction\":[{\"@type\":\"ReadAction\",\"target\":[\"https:\/\/sits.friendventure.dev\/de\/datenschutz-anwendungen\/\"]}]},{\"@type\":\"BreadcrumbList\",\"@id\":\"https:\/\/sits.friendventure.dev\/de\/datenschutz-anwendungen\/#breadcrumb\",\"itemListElement\":[{\"@type\":\"ListItem\",\"position\":1,\"name\":\"Startseite\",\"item\":\"https:\/\/sits.friendventure.dev\/de\/\"},{\"@type\":\"ListItem\",\"position\":2,\"name\":\"Datenschutz Anwendungen\"}]},{\"@type\":\"WebSite\",\"@id\":\"https:\/\/sits.friendventure.dev\/de\/#website\",\"url\":\"https:\/\/sits.friendventure.dev\/de\/\",\"name\":\"SITS\",\"description\":\"\",\"publisher\":{\"@id\":\"https:\/\/sits.friendventure.dev\/de\/#organization\"},\"potentialAction\":[{\"@type\":\"SearchAction\",\"target\":{\"@type\":\"EntryPoint\",\"urlTemplate\":\"https:\/\/sits.friendventure.dev\/de\/?s={search_term_string}\"},\"query-input\":{\"@type\":\"PropertyValueSpecification\",\"valueRequired\":true,\"valueName\":\"search_term_string\"}}],\"inLanguage\":\"de\"},{\"@type\":\"Organization\",\"@id\":\"https:\/\/sits.friendventure.dev\/de\/#organization\",\"name\":\"SITS\",\"url\":\"https:\/\/sits.friendventure.dev\/de\/\",\"logo\":{\"@type\":\"ImageObject\",\"inLanguage\":\"de\",\"@id\":\"https:\/\/sits.friendventure.dev\/de\/#\/schema\/logo\/image\/\",\"url\":\"https:\/\/sits.friendventure.dev\/wp-content\/uploads\/2024\/04\/sits-logo-new.svg\",\"contentUrl\":\"https:\/\/sits.friendventure.dev\/wp-content\/uploads\/2024\/04\/sits-logo-new.svg\",\"width\":557,\"height\":322,\"caption\":\"SITS\"},\"image\":{\"@id\":\"https:\/\/sits.friendventure.dev\/de\/#\/schema\/logo\/image\/\"}}]}<\/script>\n<!-- \/ Yoast SEO plugin. -->","yoast_head_json":{"title":"Datenschutz Anwendungen | SITS","description":"Datenschutz Anwendungen \u00bb Jetzt informieren!","robots":{"index":"noindex","follow":"follow","max-snippet":"max-snippet:-1","max-image-preview":"max-image-preview:large","max-video-preview":"max-video-preview:-1"},"og_locale":"de_DE","og_type":"article","og_title":"Datenschutz Anwendungen | SITS","og_description":"Datenschutz Anwendungen \u00bb Jetzt informieren!","og_url":"https:\/\/sits.friendventure.dev\/de\/datenschutz-anwendungen\/","og_site_name":"SITS","article_modified_time":"2024-08-20T12:20:18+00:00","twitter_card":"summary_large_image","twitter_misc":{"Est. reading time":"7 minutes"},"schema":{"@context":"https:\/\/schema.org","@graph":[{"@type":"WebPage","@id":"https:\/\/sits.friendventure.dev\/de\/datenschutz-anwendungen\/","url":"https:\/\/sits.friendventure.dev\/de\/datenschutz-anwendungen\/","name":"Datenschutz Anwendungen | SITS","isPartOf":{"@id":"https:\/\/sits.friendventure.dev\/de\/#website"},"datePublished":"2024-05-02T09:47:16+00:00","dateModified":"2024-08-20T12:20:18+00:00","description":"Datenschutz Anwendungen \u00bb Jetzt informieren!","breadcrumb":{"@id":"https:\/\/sits.friendventure.dev\/de\/datenschutz-anwendungen\/#breadcrumb"},"inLanguage":"de","potentialAction":[{"@type":"ReadAction","target":["https:\/\/sits.friendventure.dev\/de\/datenschutz-anwendungen\/"]}]},{"@type":"BreadcrumbList","@id":"https:\/\/sits.friendventure.dev\/de\/datenschutz-anwendungen\/#breadcrumb","itemListElement":[{"@type":"ListItem","position":1,"name":"Startseite","item":"https:\/\/sits.friendventure.dev\/de\/"},{"@type":"ListItem","position":2,"name":"Datenschutz Anwendungen"}]},{"@type":"WebSite","@id":"https:\/\/sits.friendventure.dev\/de\/#website","url":"https:\/\/sits.friendventure.dev\/de\/","name":"SITS","description":"","publisher":{"@id":"https:\/\/sits.friendventure.dev\/de\/#organization"},"potentialAction":[{"@type":"SearchAction","target":{"@type":"EntryPoint","urlTemplate":"https:\/\/sits.friendventure.dev\/de\/?s={search_term_string}"},"query-input":{"@type":"PropertyValueSpecification","valueRequired":true,"valueName":"search_term_string"}}],"inLanguage":"de"},{"@type":"Organization","@id":"https:\/\/sits.friendventure.dev\/de\/#organization","name":"SITS","url":"https:\/\/sits.friendventure.dev\/de\/","logo":{"@type":"ImageObject","inLanguage":"de","@id":"https:\/\/sits.friendventure.dev\/de\/#\/schema\/logo\/image\/","url":"https:\/\/sits.friendventure.dev\/wp-content\/uploads\/2024\/04\/sits-logo-new.svg","contentUrl":"https:\/\/sits.friendventure.dev\/wp-content\/uploads\/2024\/04\/sits-logo-new.svg","width":557,"height":322,"caption":"SITS"},"image":{"@id":"https:\/\/sits.friendventure.dev\/de\/#\/schema\/logo\/image\/"}}]}},"_links":{"self":[{"href":"https:\/\/sits.friendventure.dev\/de\/wp-json\/wp\/v2\/pages\/14219","targetHints":{"allow":["GET"]}}],"collection":[{"href":"https:\/\/sits.friendventure.dev\/de\/wp-json\/wp\/v2\/pages"}],"about":[{"href":"https:\/\/sits.friendventure.dev\/de\/wp-json\/wp\/v2\/types\/page"}],"author":[{"embeddable":true,"href":"https:\/\/sits.friendventure.dev\/de\/wp-json\/wp\/v2\/users\/2"}],"replies":[{"embeddable":true,"href":"https:\/\/sits.friendventure.dev\/de\/wp-json\/wp\/v2\/comments?post=14219"}],"version-history":[{"count":6,"href":"https:\/\/sits.friendventure.dev\/de\/wp-json\/wp\/v2\/pages\/14219\/revisions"}],"predecessor-version":[{"id":16728,"href":"https:\/\/sits.friendventure.dev\/de\/wp-json\/wp\/v2\/pages\/14219\/revisions\/16728"}],"wp:attachment":[{"href":"https:\/\/sits.friendventure.dev\/de\/wp-json\/wp\/v2\/media?parent=14219"}],"curies":[{"name":"wp","href":"https:\/\/api.w.org\/{rel}","templated":true}]}}