{"id":23994,"date":"2025-09-24T12:12:00","date_gmt":"2025-09-24T10:12:00","guid":{"rendered":"https:\/\/sits.friendventure.dev\/?page_id=23994"},"modified":"2025-11-04T14:34:02","modified_gmt":"2025-11-04T13:34:02","slug":"digital-challenges","status":"publish","type":"page","link":"https:\/\/sits.friendventure.dev\/da\/digital-challenges\/","title":{"rendered":"Digital Challenges"},"content":{"rendered":"<section class=\"wpb-content-wrapper\"><p>[vc_row full_width=\"stretch_row_content_no_spaces\" el_id=\"header\"][vc_column]<div class=\"smx_global_spacer size-m\"><\/div>\n<div class=\"header\">\n\n            <div class=\"smx_global_spacer size-l\"><\/div>\n    \n\n<\/div>\n\n\n[\/vc_column][\/vc_row][vc_row][vc_column]\n<div class=\"media_center_slider_wrapper\">\n    <div class=\"media_center_slider_heading\">\n        <div class=\"headline h2\">\n        Bliv ekspert i h\u00e5ndtering af digitale udfordringer \u2013 med sikkerhed og vision    <\/div>\n    <div class=\"subheadline\">\n            <\/div>\n    <div class=\"text\">\n        Den digitale verden er fuld af muligheder \u2013 og fuld af risici. Cyberangreb, datal\u00e6k og komplekse regulatoriske krav er allerede en realitet. Samtidig vokser forventningerne til effektivitet, innovation og sammenh\u00e6ng. Mange virksomheder sp\u00f8rger: Hvordan kan disse udfordringer overvindes uden at g\u00e5 p\u00e5 kompromis med sikkerhed og tillid? Vi mener, at l\u00f8sningen ligger i den rette kombination. Vi viser dig, hvordan digitale udfordringer kan l\u00f8ses b\u00e6redygtigt gennem samspillet mellem Cybersecurity, AI, procesoptimering og strategisk r\u00e5dgivning. Vores tjenester er forbundet og skaber et digitalt fundament, der sikrer, styrker og g\u00f8r fremtiden mulig.    <\/div>\n<\/div>\n\n<div class=\"media-center-slider-controlls\">\n    <div class=\"se_slider_buttons\">\n        <div class=\"se_slider_prev \" style=\"\">\n            <img decoding=\"async\" src=\"\/wp-content\/uploads\/2024\/02\/arrow-black.svg\">\n        <\/div>\n        <div class=\"se_slider_next \">\n            <img decoding=\"async\" src=\"\/wp-content\/uploads\/2024\/02\/arrow-black.svg\">\n        <\/div>\n    <\/div>\n<\/div>\n\n<div class=\"media-center-slider\">\n\n            <a href=\"https:\/\/sits.friendventure.dev\/da\/digital-challenges\/healthcare-cyber-security\/\" class=\"slider_element\">\n            <div class=\"se_background\">\n                            <\/div>\n            \n            <div class=\"se_content\">\n                <div class=\"se_content_inner\">\n                    <div class=\"se_content_inner_text\">\n                        <div class=\"se_content_meta\">\n                            <div class=\"se_date\">\n                                                            <\/div>\n                        <\/div>\n                        <div class=\"se_content_headline\">\n                            Healthcare Cyber Security                        <\/div>\n                        <div class=\"se_readmore\">\n                            Learn more                        <\/div>\n                    <\/div>\n                <\/div>\n            <\/div>\n        <\/a>\n                <a href=\"https:\/\/sits.friendventure.dev\/da\/public-2\/\" class=\"slider_element\">\n            <div class=\"se_background\">\n                            <\/div>\n            \n            <div class=\"se_content\">\n                <div class=\"se_content_inner\">\n                    <div class=\"se_content_inner_text\">\n                        <div class=\"se_content_meta\">\n                            <div class=\"se_date\">\n                                                            <\/div>\n                        <\/div>\n                        <div class=\"se_content_headline\">\n                            Public                        <\/div>\n                        <div class=\"se_readmore\">\n                            Learn more                        <\/div>\n                    <\/div>\n                <\/div>\n            <\/div>\n        <\/a>\n                <a href=\"https:\/\/sits.friendventure.dev\/da\/cloud-platform-security\/\" class=\"slider_element\">\n            <div class=\"se_background\">\n                            <\/div>\n            \n            <div class=\"se_content\">\n                <div class=\"se_content_inner\">\n                    <div class=\"se_content_inner_text\">\n                        <div class=\"se_content_meta\">\n                            <div class=\"se_date\">\n                                                            <\/div>\n                        <\/div>\n                        <div class=\"se_content_headline\">\n                            Cloud Platform Security                        <\/div>\n                        <div class=\"se_readmore\">\n                            Learn more                        <\/div>\n                    <\/div>\n                <\/div>\n            <\/div>\n        <\/a>\n                <a href=\"https:\/\/sits.friendventure.dev\/da\/aa-ransomware-resilience\/\" class=\"slider_element\">\n            <div class=\"se_background\">\n                            <\/div>\n            \n            <div class=\"se_content\">\n                <div class=\"se_content_inner\">\n                    <div class=\"se_content_inner_text\">\n                        <div class=\"se_content_meta\">\n                            <div class=\"se_date\">\n                                                            <\/div>\n                        <\/div>\n                        <div class=\"se_content_headline\">\n                            A&A \u2013 Ransomware Resilience                        <\/div>\n                        <div class=\"se_readmore\">\n                            Learn more                        <\/div>\n                    <\/div>\n                <\/div>\n            <\/div>\n        <\/a>\n                <a href=\"https:\/\/sits.friendventure.dev\/da\/digital-challenges\/supply-chain-intelligence\/\" class=\"slider_element\">\n            <div class=\"se_background\">\n                            <\/div>\n            \n            <div class=\"se_content\">\n                <div class=\"se_content_inner\">\n                    <div class=\"se_content_inner_text\">\n                        <div class=\"se_content_meta\">\n                            <div class=\"se_date\">\n                                                            <\/div>\n                        <\/div>\n                        <div class=\"se_content_headline\">\n                            Supply Chain Intelligence                        <\/div>\n                        <div class=\"se_readmore\">\n                            Learn more                        <\/div>\n                    <\/div>\n                <\/div>\n            <\/div>\n        <\/a>\n        <\/div>\n<div class=\"media-center-slider-progress\">\n    <div class=\"progress\" role=\"progressbar\" aria-valuemin=\"0\" aria-valuemax=\"100\">\n        <span class=\"slider__label sr-only\"><\/span>\n    <\/div>\n<\/div>\n<\/div>[\/vc_column][\/vc_row][vc_row][vc_column]<div class=\"smx_global_spacer size-l\"><\/div>\n[\/vc_column][\/vc_row][vc_row][vc_column]\n    <div class=\"contact_section full_contact\">\n        <div class=\"contact_form_wrapper\">\n            <div class=\"h3 smx-headline\">\n            Kontakt os nu        <\/div>\n        <div class=\"subheadline\">\n            Kontakt os for skr\u00e6ddersyede sikkerhedsstrategier.        <\/div>\n        <div class=\"form\">\n            <script charset='utf-8' type='text\/javascript' src='\/\/js-eu1.hsforms.net\/forms\/embed\/v2.js'><\/script><br \/>\n<script>\n  hbspt.forms.create({\n    region: 'eu1',\n    portalId: '26142091',\n    formId: '89170349-1411-46b0-a766-8bcecad99fbd'\n  });\n<\/script>\n        <\/div>\n    <\/div>\n    <!--\n    <div class=\"contact_person_wraper\">\n        \n    <\/div>\n    -->\n    <\/div>\n\n<div class=\"smx_global_spacer size-l\"><\/div>\n[\/vc_column][\/vc_row][vc_row][vc_column]<div class=\"smx_global_spacer size-l\"><\/div>\n[\/vc_column][\/vc_row]<\/p>\n<\/section>","protected":false},"excerpt":{"rendered":"<p>[vc_row full_width=&#8221;stretch_row_content_no_spaces&#8221; el_id=&#8221;header&#8221;][vc_column][\/vc_column][\/vc_row][vc_row][vc_column][\/vc_column][\/vc_row][vc_row][vc_column][\/vc_column][\/vc_row][vc_row][vc_column][\/vc_column][\/vc_row][vc_row][vc_column][\/vc_column][\/vc_row]<\/p>\n","protected":false},"author":24,"featured_media":0,"parent":0,"menu_order":0,"comment_status":"closed","ping_status":"closed","template":"","meta":{"inline_featured_image":false,"footnotes":""},"class_list":["post-23994","page","type-page","status-publish","hentry"],"acf":[],"yoast_head":"<!-- This site is optimized with the Yoast SEO plugin v24.9 - https:\/\/yoast.com\/wordpress\/plugins\/seo\/ -->\n<title>Digitale udfordringer: L\u00f8sninger til forandring | SITS<\/title>\n<meta name=\"description\" content=\"Overvind digitale udfordringer med SITS: Vi hj\u00e6lper dig med digitalisering, sikkerhed og transformation \u2013 for en fremtidssikret IT.\" \/>\n<meta name=\"robots\" content=\"noindex, follow, max-snippet:-1, max-image-preview:large, max-video-preview:-1\" \/>\n<meta property=\"og:locale\" content=\"da_DK\" \/>\n<meta property=\"og:type\" content=\"article\" \/>\n<meta property=\"og:title\" content=\"Digitale udfordringer: L\u00f8sninger til forandring | SITS\" \/>\n<meta property=\"og:description\" content=\"Overvind digitale udfordringer med SITS: Vi hj\u00e6lper dig med digitalisering, sikkerhed og transformation \u2013 for en fremtidssikret IT.\" \/>\n<meta property=\"og:url\" content=\"https:\/\/sits.friendventure.dev\/da\/digital-challenges\/\" \/>\n<meta property=\"og:site_name\" content=\"SITS\" \/>\n<meta property=\"article:modified_time\" content=\"2025-11-04T13:34:02+00:00\" \/>\n<meta name=\"twitter:card\" content=\"summary_large_image\" \/>\n<meta name=\"twitter:label1\" content=\"Estimeret l\u00e6setid\" \/>\n\t<meta name=\"twitter:data1\" content=\"1 minut\" \/>\n<script type=\"application\/ld+json\" class=\"yoast-schema-graph\">{\"@context\":\"https:\/\/schema.org\",\"@graph\":[{\"@type\":\"WebPage\",\"@id\":\"https:\/\/sits.friendventure.dev\/da\/digital-challenges\/\",\"url\":\"https:\/\/sits.friendventure.dev\/da\/digital-challenges\/\",\"name\":\"Digitale udfordringer: L\u00f8sninger til forandring | SITS\",\"isPartOf\":{\"@id\":\"https:\/\/sits.friendventure.dev\/da\/#website\"},\"datePublished\":\"2025-09-24T10:12:00+00:00\",\"dateModified\":\"2025-11-04T13:34:02+00:00\",\"description\":\"Overvind digitale udfordringer med SITS: Vi hj\u00e6lper dig med digitalisering, sikkerhed og transformation \u2013 for en fremtidssikret IT.\",\"breadcrumb\":{\"@id\":\"https:\/\/sits.friendventure.dev\/da\/digital-challenges\/#breadcrumb\"},\"inLanguage\":\"da-DK\",\"potentialAction\":[{\"@type\":\"ReadAction\",\"target\":[\"https:\/\/sits.friendventure.dev\/da\/digital-challenges\/\"]}]},{\"@type\":\"BreadcrumbList\",\"@id\":\"https:\/\/sits.friendventure.dev\/da\/digital-challenges\/#breadcrumb\",\"itemListElement\":[{\"@type\":\"ListItem\",\"position\":1,\"name\":\"Startseite\",\"item\":\"https:\/\/sits.friendventure.dev\/da\/\"},{\"@type\":\"ListItem\",\"position\":2,\"name\":\"Digital Challenges\"}]},{\"@type\":\"WebSite\",\"@id\":\"https:\/\/sits.friendventure.dev\/da\/#website\",\"url\":\"https:\/\/sits.friendventure.dev\/da\/\",\"name\":\"SITS\",\"description\":\"\",\"publisher\":{\"@id\":\"https:\/\/sits.friendventure.dev\/da\/#organization\"},\"potentialAction\":[{\"@type\":\"SearchAction\",\"target\":{\"@type\":\"EntryPoint\",\"urlTemplate\":\"https:\/\/sits.friendventure.dev\/da\/?s={search_term_string}\"},\"query-input\":{\"@type\":\"PropertyValueSpecification\",\"valueRequired\":true,\"valueName\":\"search_term_string\"}}],\"inLanguage\":\"da-DK\"},{\"@type\":\"Organization\",\"@id\":\"https:\/\/sits.friendventure.dev\/da\/#organization\",\"name\":\"SITS\",\"url\":\"https:\/\/sits.friendventure.dev\/da\/\",\"logo\":{\"@type\":\"ImageObject\",\"inLanguage\":\"da-DK\",\"@id\":\"https:\/\/sits.friendventure.dev\/da\/#\/schema\/logo\/image\/\",\"url\":\"https:\/\/sits.friendventure.dev\/wp-content\/uploads\/2024\/04\/sits-logo-new.svg\",\"contentUrl\":\"https:\/\/sits.friendventure.dev\/wp-content\/uploads\/2024\/04\/sits-logo-new.svg\",\"width\":557,\"height\":322,\"caption\":\"SITS\"},\"image\":{\"@id\":\"https:\/\/sits.friendventure.dev\/da\/#\/schema\/logo\/image\/\"}}]}<\/script>\n<!-- \/ Yoast SEO plugin. -->","yoast_head_json":{"title":"Digitale udfordringer: L\u00f8sninger til forandring | SITS","description":"Overvind digitale udfordringer med SITS: Vi hj\u00e6lper dig med digitalisering, sikkerhed og transformation \u2013 for en fremtidssikret IT.","robots":{"index":"noindex","follow":"follow","max-snippet":"max-snippet:-1","max-image-preview":"max-image-preview:large","max-video-preview":"max-video-preview:-1"},"og_locale":"da_DK","og_type":"article","og_title":"Digitale udfordringer: L\u00f8sninger til forandring | SITS","og_description":"Overvind digitale udfordringer med SITS: Vi hj\u00e6lper dig med digitalisering, sikkerhed og transformation \u2013 for en fremtidssikret IT.","og_url":"https:\/\/sits.friendventure.dev\/da\/digital-challenges\/","og_site_name":"SITS","article_modified_time":"2025-11-04T13:34:02+00:00","twitter_card":"summary_large_image","twitter_misc":{"Estimeret l\u00e6setid":"1 minut"},"schema":{"@context":"https:\/\/schema.org","@graph":[{"@type":"WebPage","@id":"https:\/\/sits.friendventure.dev\/da\/digital-challenges\/","url":"https:\/\/sits.friendventure.dev\/da\/digital-challenges\/","name":"Digitale udfordringer: L\u00f8sninger til forandring | SITS","isPartOf":{"@id":"https:\/\/sits.friendventure.dev\/da\/#website"},"datePublished":"2025-09-24T10:12:00+00:00","dateModified":"2025-11-04T13:34:02+00:00","description":"Overvind digitale udfordringer med SITS: Vi hj\u00e6lper dig med digitalisering, sikkerhed og transformation \u2013 for en fremtidssikret IT.","breadcrumb":{"@id":"https:\/\/sits.friendventure.dev\/da\/digital-challenges\/#breadcrumb"},"inLanguage":"da-DK","potentialAction":[{"@type":"ReadAction","target":["https:\/\/sits.friendventure.dev\/da\/digital-challenges\/"]}]},{"@type":"BreadcrumbList","@id":"https:\/\/sits.friendventure.dev\/da\/digital-challenges\/#breadcrumb","itemListElement":[{"@type":"ListItem","position":1,"name":"Startseite","item":"https:\/\/sits.friendventure.dev\/da\/"},{"@type":"ListItem","position":2,"name":"Digital Challenges"}]},{"@type":"WebSite","@id":"https:\/\/sits.friendventure.dev\/da\/#website","url":"https:\/\/sits.friendventure.dev\/da\/","name":"SITS","description":"","publisher":{"@id":"https:\/\/sits.friendventure.dev\/da\/#organization"},"potentialAction":[{"@type":"SearchAction","target":{"@type":"EntryPoint","urlTemplate":"https:\/\/sits.friendventure.dev\/da\/?s={search_term_string}"},"query-input":{"@type":"PropertyValueSpecification","valueRequired":true,"valueName":"search_term_string"}}],"inLanguage":"da-DK"},{"@type":"Organization","@id":"https:\/\/sits.friendventure.dev\/da\/#organization","name":"SITS","url":"https:\/\/sits.friendventure.dev\/da\/","logo":{"@type":"ImageObject","inLanguage":"da-DK","@id":"https:\/\/sits.friendventure.dev\/da\/#\/schema\/logo\/image\/","url":"https:\/\/sits.friendventure.dev\/wp-content\/uploads\/2024\/04\/sits-logo-new.svg","contentUrl":"https:\/\/sits.friendventure.dev\/wp-content\/uploads\/2024\/04\/sits-logo-new.svg","width":557,"height":322,"caption":"SITS"},"image":{"@id":"https:\/\/sits.friendventure.dev\/da\/#\/schema\/logo\/image\/"}}]}},"_links":{"self":[{"href":"https:\/\/sits.friendventure.dev\/da\/wp-json\/wp\/v2\/pages\/23994","targetHints":{"allow":["GET"]}}],"collection":[{"href":"https:\/\/sits.friendventure.dev\/da\/wp-json\/wp\/v2\/pages"}],"about":[{"href":"https:\/\/sits.friendventure.dev\/da\/wp-json\/wp\/v2\/types\/page"}],"author":[{"embeddable":true,"href":"https:\/\/sits.friendventure.dev\/da\/wp-json\/wp\/v2\/users\/24"}],"replies":[{"embeddable":true,"href":"https:\/\/sits.friendventure.dev\/da\/wp-json\/wp\/v2\/comments?post=23994"}],"version-history":[{"count":6,"href":"https:\/\/sits.friendventure.dev\/da\/wp-json\/wp\/v2\/pages\/23994\/revisions"}],"predecessor-version":[{"id":25248,"href":"https:\/\/sits.friendventure.dev\/da\/wp-json\/wp\/v2\/pages\/23994\/revisions\/25248"}],"wp:attachment":[{"href":"https:\/\/sits.friendventure.dev\/da\/wp-json\/wp\/v2\/media?parent=23994"}],"curies":[{"name":"wp","href":"https:\/\/api.w.org\/{rel}","templated":true}]}}