{"id":18653,"date":"2024-12-17T11:15:26","date_gmt":"2024-12-17T10:15:26","guid":{"rendered":"https:\/\/sits.com\/entra-campaign\/"},"modified":"2024-12-17T15:03:12","modified_gmt":"2024-12-17T14:03:12","slug":"entra-campaign","status":"publish","type":"page","link":"https:\/\/sits.friendventure.dev\/ch\/entra-campaign\/","title":{"rendered":"Entra Campaign"},"content":{"rendered":"<section class=\"wpb-content-wrapper\"><p>[vc_row full_width=\"stretch_row_content_no_spaces\" el_id=\"header\"][vc_column]<div class=\"header\">\n\n    \n            <div class=\"header_static\">\n            <div class=\"bg_wrapper\">\n                <div class=\"image\">\n                    <img loading=\"lazy\" decoding=\"async\" width=\"2550\" height=\"1419\" src=\"https:\/\/sits.friendventure.dev\/wp-content\/uploads\/2024\/08\/Header.jpg\" class=\"bg\" alt=\"\" srcset=\"https:\/\/sits.friendventure.dev\/wp-content\/uploads\/2024\/08\/Header.jpg 2550w, https:\/\/sits.friendventure.dev\/wp-content\/uploads\/2024\/08\/Header-300x167.jpg 300w, https:\/\/sits.friendventure.dev\/wp-content\/uploads\/2024\/08\/Header-1024x570.jpg 1024w, https:\/\/sits.friendventure.dev\/wp-content\/uploads\/2024\/08\/Header-768x427.jpg 768w, https:\/\/sits.friendventure.dev\/wp-content\/uploads\/2024\/08\/Header-1536x855.jpg 1536w, https:\/\/sits.friendventure.dev\/wp-content\/uploads\/2024\/08\/Header-2048x1140.jpg 2048w\" sizes=\"auto, (max-width: 2550px) 100vw, 2550px\" \/>                <\/div>\n                <div class=\"bg_filter filter-_main\"><\/div>\n            <\/div>\n\n            <div class=\"header_content\">\n                <div class=\"header_icon\">\n                                    <\/div>\n                <div class=\"header_sub_headline subheadline\">\n                    Microsoft Entra \u2013 implementiert und betreut von SITS. \n                <\/div>\n                <h1 class=\"header_headline headline h2\">\n                    Governance statt Chaos: Modernisieren Sie Ihr Identity-Management \n                    <div class=\"slider_margin_left h2\">\n                         \n                    <\/div>\n                <\/h1>\n                \n                                <div class=\"header_button \">\n                     \n                        <div class=\"btn-wrapper\">\n                            <div class=\"btn\">\n                                <a href=\"#kontakt\" class=\"btn-text\">Jetzt Beratung anfragen<\/a>\n                                <div><\/div>\n                            <\/div>\n                        <\/div>\n                                    <\/div>\n            <\/div>\n\n        <\/div>\n                          \n            \n                \n    \n    \n\n<\/div>\n\n\n[\/vc_column][\/vc_row][vc_row][vc_column]<div class=\"smx_global_spacer size-l\"><\/div>\n[\/vc_column][\/vc_row][vc_row][vc_column]<div class=\"summary-wrapper\">\n        <div class=\"summary-container clr-primary\">\n        <div class=\"summary-col_left\">\n                        <div class=\"summary-headline headline h2\">Microsoft Entra Modernisierung \u2013 Das SITS-Upgrade f\u00fcr Ihre Identit\u00e4ten.<\/div>\n                                <\/div>\n        <div class=\"summary-col_right\">\n            <div class=\"summary-content p3\"><p>Klassische IAM-Systeme waren gestern \u2013 moderne hybride Infrastrukturen erfordern eine skalierbare und automatisierte Identit\u00e4tsverwaltung, die Cloud- und On-Premises-Anwendungen nahtlos integrieren.<\/p>\n<p>Die Herausforderungen wachsen, und klassische IAM-Systeme kommen an ihre Grenzen. Wir bieten:<\/p>\n<ul>\n<li>Modernisierung Ihres gesamten Identity-Systems mit <strong>Microsoft Entra<\/strong>.<\/li>\n<li>Fokus auf Identity <strong>Governance, Compliance und Automatisierung<\/strong>.<\/li>\n<li>Schutz Ihrer <strong>Daten, Nutzer und Workflows<\/strong> mit der richtigen L\u00f6sung.<\/li>\n<li>Speziell f\u00fcr <strong>hybride Cloud-Umgebungen<\/strong> entwickelt<\/li>\n<\/ul>\n<p><strong>Ihre Vorteile?<\/strong><\/p>\n<ul>\n<li><strong>Rollen &amp; Rechte unter Kontrolle:<\/strong> Automatisierung des gesamten User Lifecycles f\u00fcr weniger Risiken und mehr Effizienz.<\/li>\n<li><strong>Compliance von Anfang an:<\/strong> Governance-L\u00f6sungen, die Sie audit-ready machen \u2013 ganz ohne Kopfschmerzen.<\/li>\n<li><strong>Alles in einem:<\/strong> Eine L\u00f6sung, die alle Cloud- und On-Premises-Apps integriert.<\/li>\n<\/ul>\n<p><strong>Sind Sie bereit f\u00fcr den n\u00e4chsten Schritt?<\/strong><\/p><\/div>\n\n                        \n\n            \n\n                    <\/div>\n    <\/div>\n<\/div>\n<div class=\"btn-wrapper btn-center\">\n    <div class=\"btn btn btn--green\">\n        <a href=\"\/ch\/webinare\/iam-modernisierung-mit-ms-entra\/\" class=\"btn-text\" title=\"Jetzt f\u00fcr unser Webinar anmelden\">\n            Jetzt f\u00fcr unser Webinar anmelden        <\/a>\n        <div><\/div>\n    <\/div> \n<\/div><div class=\"smx_global_spacer size-xs\"><\/div>\n<div class=\"btn-wrapper btn-center\">\n    <div class=\"btn btn btn--green\">\n        <a href=\"#kontakt\" class=\"btn-text\" title=\"Jetzt mit unseren Entra-Experten sprechen\">\n            Jetzt mit unseren Entra-Experten sprechen        <\/a>\n        <div><\/div>\n    <\/div> \n<\/div>[\/vc_column][\/vc_row][vc_row][vc_column]<div class=\"smx_global_spacer size-l\"><\/div>\n<h1  class=\"h1 smx-headline  center\">Die Top-5-Herausforderungen im modernen IAM<\/h1><div class=\"smx_global_spacer size-xs\"><\/div>\n[vc_column_text]Hybride IT-Strukturen erfordern mehr als veraltete IAM-L\u00f6sungen bieten k\u00f6nnen: veraltete Rollenverwaltung, mangelnde Compliance, unsicherer Zugriff auf Cloud-Anwendungen und vieles mehr. Die Risiken sind real.[\/vc_column_text]<div class=\"smx_global_spacer size-xs\"><\/div>\n[\/vc_column][\/vc_row][vc_row][vc_column]<div class=\"text-image-slider_wrapper clr-primary is-single\">\n        <div class=\"text-image-slider_arrows\">\n            <div class=\"text-image-slider_prev\"><\/div>\n            <div class=\"text-image-slider_next\"><\/div>\n        <\/div>\n    <div class=\"text-image-slider_nav\">\n                                    <div class=\"text-image-slider_nav-single  active\">\n                    <div class=\"text-image-slider_nav-image\"><img decoding=\"async\" src=\"https:\/\/sits.friendventure.dev\/wp-content\/uploads\/2024\/04\/WhyElement_Step1.svg\" alt=\"\"><\/div>\n                    <div class=\"text-image-slider_nav-title boxheadline\">Herausforderungen f\u00fcr Ihr Unternehmen<\/div>\n                <\/div>\n                        <\/div>\n    <div class=\"text-image-slider_container\">\n                                    <div class=\"text-image-slide\">\n                    <div class=\"text-image-slide_image\">\n                        <img decoding=\"async\" src=\"https:\/\/sits.friendventure.dev\/wp-content\/uploads\/2024\/05\/WhatElement2.jpg\" alt=\"\">\n                    <\/div>\n                    <div class=\"text-image-slide_contents\">\n                        <div class=\"text-image-slide_headline headline h4\">\n                            Die Top-Herausforderungen sind:                        <\/div>\n                        <div class=\"text-image-slide_text\">\n                            <\/p>\n<ol>\n<li><strong>L\u00fccken im Identit\u00e4tsschutz:<\/strong> Unzureichender Schutz \u00fcber Cloud- und On-Premises-Anwendungen hinweg.<\/li>\n<li><strong>Uneinheitliche Richtlinien:<\/strong> L\u00fccken dank unterschiedlicher Zugriffsregeln \u00fcber Cloud-Anbieter und Plattformen hinweg.<\/li>\n<li><strong>Komplizierte Bedienung:<\/strong> Unzureichend benutzerfreundlicher Zugriff auf Cloud-Apps zuzugreifen.<\/li>\n<li><strong>Mangelnde Integration:<\/strong> Bestehende IAM-Systeme k\u00f6nnen On-Premises und Cloud nicht sinnvoll verbinden.<\/li>\n<li><strong>Compliance-Risiken:<\/strong> Unsicherheiten beim Zugriff aus verschiedenen Umgebungen gef\u00e4hrden Ihre Compliance.<\/li>\n<\/ol>\n<p>                        <\/div>\n                    <\/div>\n                <\/div>\n                       <\/div>\n<\/div><div class=\"smx_global_spacer size-l\"><\/div>\n[\/vc_column][\/vc_row][vc_row][vc_column]<h1  class=\"h1 smx-headline  center\">Die L\u00f6sung<\/h1><div class=\"smx_global_spacer size-xs\"><\/div>\n[vc_column_text]<\/p>\n<div class=\"subheadline\" style=\"text-align: center;\">Identity Governance. Automation. Security.<\/div>\n<p>[\/vc_column_text][vc_column_text]<\/p>\n<p style=\"text-align: center;\"><strong>\u201eWir modernisieren Ihr komplettes Identity- &amp; Access System\u201c<\/strong><br \/>\nDer Kern der Entra Suite ist nicht nur der blo\u00dfe Schutz von Identit\u00e4ten und Zugriffen \u2013 wir sorgen f\u00fcr Governance, Nachvollziehbarkeit und Automation.<\/p>\n<p style=\"text-align: center;\"><strong>Das bietet SITS<\/strong><br \/>\nMit unserer Expertise helfen wir Ihnen bei der Migration zu Microsoft Entra, modernisieren Ihre IAM-Prozesse und sorgen f\u00fcr dauerhafte Sicherheit und Compliance.<\/p>\n<p>[\/vc_column_text]<div class=\"btn-wrapper btn-center\">\n    <div class=\"btn btn btn--green\">\n        <a href=\"https:\/\/web.sits.com\/hubfs\/Media\/Sheets\/SITS_Microsoft Entra_4-Pager.pdf\" class=\"btn-text\" title=\"Mehr Infos? Hier klicken\">\n            Mehr Infos? Hier klicken        <\/a>\n        <div><\/div>\n    <\/div> \n<\/div><div class=\"smx_global_spacer size-s\"><\/div>\n<div class=\"iconbox-grid\">\n    <div class=\"iconboxes--wrapper\">\n                                <div class=\"iconboxes--container iconboxes-3 iconboxes-cols-4 animate_kachel_wrapper\">\n                                    <div class=\"iconbox--single iconbox--nr-1  animate_kachel\">\n                        <div class=\"iconbox--single__counter\">\n                            01\n                        <\/div>\n                        <div class=\"iconbox--single__inner\">\n                                                            <div class=\"iconbox--image\">\n                                                                    <\/div>\n                                <div class=\"iconbox--headline headline-boxed\">\n                                    Identity Governance & Administration                                <\/div>\n                                <div class=\"iconbox--content\">\n                                    Von der Einstellung neuer Mitarbeitenden bis zum Offboarding \u2013 Zugriffsrechte sind dank unserer IGA-Implementierung stets aktuell und dokumentiert.                                <\/div>\n                                                                                        <\/div>\n                    <\/div>\n                                    <div class=\"iconbox--single iconbox--nr-2  animate_kachel\">\n                        <div class=\"iconbox--single__counter\">\n                            02\n                        <\/div>\n                        <div class=\"iconbox--single__inner\">\n                                                            <div class=\"iconbox--image\">\n                                                                    <\/div>\n                                <div class=\"iconbox--headline headline-boxed\">\n                                    Klarheit durch Governance                                <\/div>\n                                <div class=\"iconbox--content\">\n                                    Weniger Zugriffsrisiken, klar geregelte Rollen und ein nahtloses Reporting \u2013 ideal f\u00fcr Audits und Compliance-Anforderungen.                                <\/div>\n                                                                                        <\/div>\n                    <\/div>\n                                    <div class=\"iconbox--single iconbox--nr-3  animate_kachel\">\n                        <div class=\"iconbox--single__counter\">\n                            03\n                        <\/div>\n                        <div class=\"iconbox--single__inner\">\n                                                            <div class=\"iconbox--image\">\n                                                                    <\/div>\n                                <div class=\"iconbox--headline headline-boxed\">\n                                    Implementierung der kompletten Entra Suite                                <\/div>\n                                <div class=\"iconbox--content\">\n                                    Komplette Turnkey-L\u00f6sung durch Implementierung von Entra ID, Entra External ID, Entra ID Protection, Entra ID Governance, Entra Verified ID, Entra Private Access und Entra Internet Access, und mehr.                                <\/div>\n                                                                                        <\/div>\n                    <\/div>\n                            <\/div>\n            <\/div>\n<\/div>[\/vc_column][\/vc_row][vc_row][vc_column]<div class=\"smx_global_spacer size-m\"><\/div>\n[vc_column_text]<\/p>\n<div class=\"subheadline\" style=\"text-align: center;\"><strong>Sind Sie bereit f\u00fcr den n\u00e4chsten Schritt?<\/strong><\/div>\n<p>[\/vc_column_text]<div class=\"btn-wrapper btn-center\">\n    <div class=\"btn btn btn--green\">\n        <a href=\"\/ch\/webinare\/iam-modernisierung-mit-ms-entra\/\" class=\"btn-text\" title=\"Jetzt f\u00fcr unser Webinar anmelden\">\n            Jetzt f\u00fcr unser Webinar anmelden        <\/a>\n        <div><\/div>\n    <\/div> \n<\/div><div class=\"smx_global_spacer size-xs\"><\/div>\n<div class=\"btn-wrapper btn-center\">\n    <div class=\"btn btn btn--green\">\n        <a href=\"#kontakt\" class=\"btn-text\" title=\"Jetzt mit unseren Entra-Experten sprechen\">\n            Jetzt mit unseren Entra-Experten sprechen        <\/a>\n        <div><\/div>\n    <\/div> \n<\/div><div class=\"smx_global_spacer size-l\"><\/div>\n[\/vc_column][\/vc_row][vc_row][vc_column]<h1  class=\"h1 smx-headline  center\">Migriert, gewartet und optimiert durch SITS<\/h1>[vc_column_text]<\/p>\n<div class=\"subheadline\" style=\"text-align: center;\">Mit der Microsoft Entra Modernisierungen bietet SITS das Komplettpaket f\u00fcr den sicheren Zugriff auf Ihre Ressourcen. Vollst\u00e4ndig geplant und 24x7 Managed.<\/div>\n<p>[\/vc_column_text][vc_single_image image=\"18611\" img_size=\"full\" alignment=\"center\" title=\"Sicherer Zugriff. F\u00fcr alle Apps. F\u00fcr alle Ressourcen. Von \u00dcberall.\"]<div class=\"smx_global_spacer size-m\"><\/div>\n[\/vc_column][\/vc_row][vc_row el_id=\"kontakt\"][vc_column]\n    <div class=\"contact_section full_contact\">\n        <div class=\"contact_form_wrapper\">\n            <div class=\"h3 smx-headline\">\n            Jetzt Kontakt aufnehmen        <\/div>\n        <div class=\"subheadline\">\n            Wir beraten Sie gerne!        <\/div>\n        <div class=\"form\">\n            <script charset='utf-8' type='text\/javascript' src='\/\/js-eu1.hsforms.net\/forms\/embed\/v2.js'><\/script><br \/>\n<script>\n  hbspt.forms.create({\n    region: 'eu1',\n    portalId: '26142091',\n    formId: 'c3577121-8747-4841-b2a7-a302872962f0'\n  });\n<\/script>\n        <\/div>\n    <\/div>\n    <!--\n    <div class=\"contact_person_wraper\">\n                    <div class=\"person_box\">\n                <div class=\"person_pic\">\n                    <img loading=\"lazy\" decoding=\"async\" width=\"1440\" height=\"1440\" src=\"https:\/\/sits.friendventure.dev\/wp-content\/uploads\/2024\/04\/Ansprechpartner_SMW-1.jpg\" class=\"contact_profile_pic\" alt=\"\" srcset=\"https:\/\/sits.friendventure.dev\/wp-content\/uploads\/2024\/04\/Ansprechpartner_SMW-1.jpg 1440w, https:\/\/sits.friendventure.dev\/wp-content\/uploads\/2024\/04\/Ansprechpartner_SMW-1-300x300.jpg 300w, https:\/\/sits.friendventure.dev\/wp-content\/uploads\/2024\/04\/Ansprechpartner_SMW-1-1024x1024.jpg 1024w, https:\/\/sits.friendventure.dev\/wp-content\/uploads\/2024\/04\/Ansprechpartner_SMW-1-150x150.jpg 150w, https:\/\/sits.friendventure.dev\/wp-content\/uploads\/2024\/04\/Ansprechpartner_SMW-1-768x768.jpg 768w\" sizes=\"auto, (max-width: 1440px) 100vw, 1440px\" \/>                <\/div>\n                <div class=\"person_info\">\n                    <div class=\"person_name\">\n                        Angelo Schneider                    <\/div>\n                                            <div class=\"person_description\">\n                            Account Manager, SITS Group                        <\/div>\n                                                        <\/div>\n            <\/div>\n        \n    <\/div>\n    -->\n    <\/div>\n\n<div class=\"smx_global_spacer size-l\"><\/div>\n[\/vc_column][\/vc_row]<\/p>\n<\/section>","protected":false},"excerpt":{"rendered":"<p>[vc_row full_width=&#187;stretch_row_content_no_spaces&#187; el_id=&#187;header&#187;][vc_column][\/vc_column][\/vc_row][vc_row][vc_column][\/vc_column][\/vc_row][vc_row][vc_column][\/vc_column][\/vc_row][vc_row][vc_column][vc_column_text]Hybride IT-Strukturen erfordern mehr als veraltete IAM-L\u00f6sungen bieten k\u00f6nnen: veraltete Rollenverwaltung, mangelnde Compliance, unsicherer Zugriff auf Cloud-Anwendungen und vieles mehr. Die Risiken sind real.[\/vc_column_text][\/vc_column][\/vc_row][vc_row][vc_column][\/vc_column][\/vc_row][vc_row][vc_column][vc_column_text] Identity Governance. Automation. Security. [\/vc_column_text][vc_column_text] \u201eWir modernisieren Ihr komplettes Identity- &amp; Access System\u201c Der Kern der Entra Suite ist nicht nur der blo\u00dfe Schutz von Identit\u00e4ten und Zugriffen \u2013 [&hellip;]<\/p>\n","protected":false},"author":11,"featured_media":0,"parent":0,"menu_order":0,"comment_status":"closed","ping_status":"closed","template":"","meta":{"inline_featured_image":false,"footnotes":""},"class_list":["post-18653","page","type-page","status-publish","hentry"],"acf":[],"yoast_head":"<!-- This site is optimized with the Yoast SEO plugin v24.9 - https:\/\/yoast.com\/wordpress\/plugins\/seo\/ -->\n<title>Entra Campaign | SITS<\/title>\n<meta name=\"description\" content=\"Entra Campaign \u00bb Jetzt informieren!\" \/>\n<meta name=\"robots\" content=\"noindex, follow, max-snippet:-1, max-image-preview:large, max-video-preview:-1\" \/>\n<meta property=\"og:locale\" content=\"de_DE\" \/>\n<meta property=\"og:type\" content=\"article\" \/>\n<meta property=\"og:title\" content=\"Entra Campaign | SITS\" \/>\n<meta property=\"og:description\" content=\"Entra Campaign \u00bb Jetzt informieren!\" \/>\n<meta property=\"og:url\" content=\"https:\/\/sits.friendventure.dev\/ch\/entra-campaign\/\" \/>\n<meta property=\"og:site_name\" content=\"SITS\" \/>\n<meta property=\"article:modified_time\" content=\"2024-12-17T14:03:12+00:00\" \/>\n<meta name=\"twitter:card\" content=\"summary_large_image\" \/>\n<meta name=\"twitter:label1\" content=\"Gesch\u00e4tzte Lesezeit\" \/>\n\t<meta name=\"twitter:data1\" content=\"4 Minuten\" \/>\n<script type=\"application\/ld+json\" class=\"yoast-schema-graph\">{\"@context\":\"https:\/\/schema.org\",\"@graph\":[{\"@type\":\"WebPage\",\"@id\":\"https:\/\/sits.friendventure.dev\/ch\/entra-campaign\/\",\"url\":\"https:\/\/sits.friendventure.dev\/ch\/entra-campaign\/\",\"name\":\"Entra Campaign | SITS\",\"isPartOf\":{\"@id\":\"https:\/\/sits.friendventure.dev\/ch\/#website\"},\"datePublished\":\"2024-12-17T10:15:26+00:00\",\"dateModified\":\"2024-12-17T14:03:12+00:00\",\"description\":\"Entra Campaign \u00bb Jetzt informieren!\",\"breadcrumb\":{\"@id\":\"https:\/\/sits.friendventure.dev\/ch\/entra-campaign\/#breadcrumb\"},\"inLanguage\":\"de-CH\",\"potentialAction\":[{\"@type\":\"ReadAction\",\"target\":[\"https:\/\/sits.friendventure.dev\/ch\/entra-campaign\/\"]}]},{\"@type\":\"BreadcrumbList\",\"@id\":\"https:\/\/sits.friendventure.dev\/ch\/entra-campaign\/#breadcrumb\",\"itemListElement\":[{\"@type\":\"ListItem\",\"position\":1,\"name\":\"Startseite\",\"item\":\"https:\/\/sits.friendventure.dev\/ch\/\"},{\"@type\":\"ListItem\",\"position\":2,\"name\":\"Entra Campaign\"}]},{\"@type\":\"WebSite\",\"@id\":\"https:\/\/sits.friendventure.dev\/ch\/#website\",\"url\":\"https:\/\/sits.friendventure.dev\/ch\/\",\"name\":\"SITS\",\"description\":\"\",\"publisher\":{\"@id\":\"https:\/\/sits.friendventure.dev\/ch\/#organization\"},\"potentialAction\":[{\"@type\":\"SearchAction\",\"target\":{\"@type\":\"EntryPoint\",\"urlTemplate\":\"https:\/\/sits.friendventure.dev\/ch\/?s={search_term_string}\"},\"query-input\":{\"@type\":\"PropertyValueSpecification\",\"valueRequired\":true,\"valueName\":\"search_term_string\"}}],\"inLanguage\":\"de-CH\"},{\"@type\":\"Organization\",\"@id\":\"https:\/\/sits.friendventure.dev\/ch\/#organization\",\"name\":\"SITS\",\"url\":\"https:\/\/sits.friendventure.dev\/ch\/\",\"logo\":{\"@type\":\"ImageObject\",\"inLanguage\":\"de-CH\",\"@id\":\"https:\/\/sits.friendventure.dev\/ch\/#\/schema\/logo\/image\/\",\"url\":\"https:\/\/sits.friendventure.dev\/wp-content\/uploads\/2024\/04\/sits-logo-new.svg\",\"contentUrl\":\"https:\/\/sits.friendventure.dev\/wp-content\/uploads\/2024\/04\/sits-logo-new.svg\",\"width\":557,\"height\":322,\"caption\":\"SITS\"},\"image\":{\"@id\":\"https:\/\/sits.friendventure.dev\/ch\/#\/schema\/logo\/image\/\"}}]}<\/script>\n<!-- \/ Yoast SEO plugin. -->","yoast_head_json":{"title":"Entra Campaign | SITS","description":"Entra Campaign \u00bb Jetzt informieren!","robots":{"index":"noindex","follow":"follow","max-snippet":"max-snippet:-1","max-image-preview":"max-image-preview:large","max-video-preview":"max-video-preview:-1"},"og_locale":"de_DE","og_type":"article","og_title":"Entra Campaign | SITS","og_description":"Entra Campaign \u00bb Jetzt informieren!","og_url":"https:\/\/sits.friendventure.dev\/ch\/entra-campaign\/","og_site_name":"SITS","article_modified_time":"2024-12-17T14:03:12+00:00","twitter_card":"summary_large_image","twitter_misc":{"Gesch\u00e4tzte Lesezeit":"4 Minuten"},"schema":{"@context":"https:\/\/schema.org","@graph":[{"@type":"WebPage","@id":"https:\/\/sits.friendventure.dev\/ch\/entra-campaign\/","url":"https:\/\/sits.friendventure.dev\/ch\/entra-campaign\/","name":"Entra Campaign | SITS","isPartOf":{"@id":"https:\/\/sits.friendventure.dev\/ch\/#website"},"datePublished":"2024-12-17T10:15:26+00:00","dateModified":"2024-12-17T14:03:12+00:00","description":"Entra Campaign \u00bb Jetzt informieren!","breadcrumb":{"@id":"https:\/\/sits.friendventure.dev\/ch\/entra-campaign\/#breadcrumb"},"inLanguage":"de-CH","potentialAction":[{"@type":"ReadAction","target":["https:\/\/sits.friendventure.dev\/ch\/entra-campaign\/"]}]},{"@type":"BreadcrumbList","@id":"https:\/\/sits.friendventure.dev\/ch\/entra-campaign\/#breadcrumb","itemListElement":[{"@type":"ListItem","position":1,"name":"Startseite","item":"https:\/\/sits.friendventure.dev\/ch\/"},{"@type":"ListItem","position":2,"name":"Entra Campaign"}]},{"@type":"WebSite","@id":"https:\/\/sits.friendventure.dev\/ch\/#website","url":"https:\/\/sits.friendventure.dev\/ch\/","name":"SITS","description":"","publisher":{"@id":"https:\/\/sits.friendventure.dev\/ch\/#organization"},"potentialAction":[{"@type":"SearchAction","target":{"@type":"EntryPoint","urlTemplate":"https:\/\/sits.friendventure.dev\/ch\/?s={search_term_string}"},"query-input":{"@type":"PropertyValueSpecification","valueRequired":true,"valueName":"search_term_string"}}],"inLanguage":"de-CH"},{"@type":"Organization","@id":"https:\/\/sits.friendventure.dev\/ch\/#organization","name":"SITS","url":"https:\/\/sits.friendventure.dev\/ch\/","logo":{"@type":"ImageObject","inLanguage":"de-CH","@id":"https:\/\/sits.friendventure.dev\/ch\/#\/schema\/logo\/image\/","url":"https:\/\/sits.friendventure.dev\/wp-content\/uploads\/2024\/04\/sits-logo-new.svg","contentUrl":"https:\/\/sits.friendventure.dev\/wp-content\/uploads\/2024\/04\/sits-logo-new.svg","width":557,"height":322,"caption":"SITS"},"image":{"@id":"https:\/\/sits.friendventure.dev\/ch\/#\/schema\/logo\/image\/"}}]}},"_links":{"self":[{"href":"https:\/\/sits.friendventure.dev\/ch\/wp-json\/wp\/v2\/pages\/18653","targetHints":{"allow":["GET"]}}],"collection":[{"href":"https:\/\/sits.friendventure.dev\/ch\/wp-json\/wp\/v2\/pages"}],"about":[{"href":"https:\/\/sits.friendventure.dev\/ch\/wp-json\/wp\/v2\/types\/page"}],"author":[{"embeddable":true,"href":"https:\/\/sits.friendventure.dev\/ch\/wp-json\/wp\/v2\/users\/11"}],"replies":[{"embeddable":true,"href":"https:\/\/sits.friendventure.dev\/ch\/wp-json\/wp\/v2\/comments?post=18653"}],"version-history":[{"count":4,"href":"https:\/\/sits.friendventure.dev\/ch\/wp-json\/wp\/v2\/pages\/18653\/revisions"}],"predecessor-version":[{"id":18682,"href":"https:\/\/sits.friendventure.dev\/ch\/wp-json\/wp\/v2\/pages\/18653\/revisions\/18682"}],"wp:attachment":[{"href":"https:\/\/sits.friendventure.dev\/ch\/wp-json\/wp\/v2\/media?parent=18653"}],"curies":[{"name":"wp","href":"https:\/\/api.w.org\/{rel}","templated":true}]}}