{"id":11340,"date":"2024-04-24T14:27:16","date_gmt":"2024-04-24T12:27:16","guid":{"rendered":"https:\/\/sits.com\/compliance-2\/"},"modified":"2025-03-12T11:20:47","modified_gmt":"2025-03-12T10:20:47","slug":"compliance","status":"publish","type":"page","link":"https:\/\/sits.friendventure.dev\/ch\/compliance\/","title":{"rendered":"SITS Compliance"},"content":{"rendered":"<section class=\"wpb-content-wrapper\"><p>[vc_row full_width=\"stretch_row_content_no_spaces\" el_id=\"header\"][vc_column]<div class=\"header\">\n\n    \n            <div class=\"header_static\">\n            <div class=\"bg_wrapper\">\n                <div class=\"image\">\n                    <img loading=\"lazy\" decoding=\"async\" width=\"2560\" height=\"1347\" src=\"https:\/\/sits.friendventure.dev\/wp-content\/uploads\/2024\/04\/Header_Secure-Work.jpg\" class=\"bg\" alt=\"\" srcset=\"https:\/\/sits.friendventure.dev\/wp-content\/uploads\/2024\/04\/Header_Secure-Work.jpg 2560w, https:\/\/sits.friendventure.dev\/wp-content\/uploads\/2024\/04\/Header_Secure-Work-300x158.jpg 300w, https:\/\/sits.friendventure.dev\/wp-content\/uploads\/2024\/04\/Header_Secure-Work-1024x539.jpg 1024w, https:\/\/sits.friendventure.dev\/wp-content\/uploads\/2024\/04\/Header_Secure-Work-768x404.jpg 768w, https:\/\/sits.friendventure.dev\/wp-content\/uploads\/2024\/04\/Header_Secure-Work-1536x808.jpg 1536w, https:\/\/sits.friendventure.dev\/wp-content\/uploads\/2024\/04\/Header_Secure-Work-2048x1078.jpg 2048w\" sizes=\"auto, (max-width: 2560px) 100vw, 2560px\" \/>                <\/div>\n                <div class=\"bg_filter filter-_main\"><\/div>\n            <\/div>\n\n            <div class=\"header_content\">\n                <div class=\"header_icon\">\n                                    <\/div>\n                <div class=\"header_sub_headline subheadline\">\n                     \n                <\/div>\n                <h1 class=\"header_headline headline h1\">\n                    ESG &amp; Compliance bei SITS \n                    <div class=\"slider_margin_left h1\">\n                         \n                    <\/div>\n                <\/h1>\n                \n                                <div class=\"header_button \">\n                     \n                        <div class=\"btn-wrapper\">\n                            <div class=\"btn\">\n                                <a href=\"#kontakt\" class=\"btn-text\">Beratung anfordern<\/a>\n                                <div><\/div>\n                            <\/div>\n                        <\/div>\n                                    <\/div>\n            <\/div>\n\n        <\/div>\n                          \n            \n                \n    \n    \n\n<\/div>\n\n\n<div class=\"smx_global_spacer size-l\"><\/div>\n[\/vc_column][\/vc_row][vc_row][vc_column]<div class=\"text_bild_element\">\n    <div class=\"text_bild_text  fade-in-bottom-top\">\n                <div class=\"headline\">\n            <div class=\"h2 smx-headline\">\n            Die Verhaltensgrunds\u00e4tze der SITS \u2013 Code of Conduct        <\/div>\n    <\/div>\n    <div class=\"subheadline\">\n            <\/div>\n    <div class=\"text\">\n        Unsere Verhaltensgrunds\u00e4tze (Code of Conduct) bilden einen gruppenweiten Leitfaden f\u00fcr alle Besch\u00e4ftigten. Er soll den Umgang mit bestehenden Regeln in der Group erleichtern und ist eine gute Orientierung f\u00fcr uns alle. Im Fokus steht dabei der Respekt vor allen Mitmenschen sowie die Verantwortung jedes einzelnen Mitarbeitenden f\u00fcr unsere Unternehmenskultur.    <\/div>\n                <div class=\"btn-wrapper\">\n                <div class=\"btn \">\n                    <a href=\"https:\/\/web.sits.com\/hubfs\/Media\/220721_COC-DE.pdf\" class=\"btn-text\" target=\"_blank\">Jetzt downloaden<\/a>\n                    <div><\/div>\n                <\/div>\n            <\/div>\n        <\/div>\n<div class=\"text_bild_bild \">\n    <div class=\"img\">\n        <img loading=\"lazy\" decoding=\"async\" width=\"1334\" height=\"1440\" src=\"https:\/\/sits.friendventure.dev\/wp-content\/uploads\/2024\/04\/WhyElement1.jpg\" class=\"img\" alt=\"\" srcset=\"https:\/\/sits.friendventure.dev\/wp-content\/uploads\/2024\/04\/WhyElement1.jpg 1334w, https:\/\/sits.friendventure.dev\/wp-content\/uploads\/2024\/04\/WhyElement1-278x300.jpg 278w, https:\/\/sits.friendventure.dev\/wp-content\/uploads\/2024\/04\/WhyElement1-949x1024.jpg 949w, https:\/\/sits.friendventure.dev\/wp-content\/uploads\/2024\/04\/WhyElement1-768x829.jpg 768w\" sizes=\"auto, (max-width: 1334px) 100vw, 1334px\" \/>    <\/div>\n<\/div>\n<\/div><div class=\"smx_global_spacer size-l\"><\/div>\n[\/vc_column][\/vc_row][vc_row][vc_column]<div class=\"text_bild_element\">\n    <div class=\"text_bild_text spiegeln fade-in-bottom-top\">\n                <div class=\"headline\">\n            <div class=\"h2 smx-headline\">\n            Das Hinweisgebersystem der SITS        <\/div>\n    <\/div>\n    <div class=\"subheadline\">\n            <\/div>\n    <div class=\"text\">\n        Unser Hinweisgebersystem ist f\u00fcr Hinweise auf schwere Regel- und Rechtsverst\u00f6\u00dfe von Mitarbeitenden der Gruppe zust\u00e4ndig. Auch Gesch\u00e4ftspartner, Kunden oder sonstige Dritte haben bei m\u00f6glichen konkreten Anhaltspunkten f\u00fcr Regelverst\u00f6\u00dfe die M\u00f6glichkeit, Hinweise rund um die Uhr \u00fcber verschiedene Meldekan\u00e4le abzugeben.<\/p>\n<p>Hinweise, die \u00fcber dieses Portal abgegeben werden, werden strikt vertraulich behandelt. Die Bereitstellung dieser speziell gesicherten Kommunikationsplattform bietet die M\u00f6glichkeit, Eure Anonymit\u00e4t zu sch\u00fctzen und gleichzeitig aktiv an der Aufkl\u00e4rung von m\u00f6glichen Rechtsverst\u00f6\u00dfen oder kriminellen Verhalten mitzuwirken. Wenn Du das Hinweisgeber-Meldesystem nutzen m\u00f6chtest, sind keine aktiven Cookies auf dieser verlinkten Seite und es wird auch keine Email- oder IP-Adresse \u00fcbermittelt und aufgezeichnet.<\/p>\n<p>Nat\u00fcrlich kann jede\/r auch eine telefonische Meldung abgeben unter +49 241-56527301 und in einer Voicebox eine Nachricht hinterlassen, der wir nachgehen. Wichtig! Dabei solltest Du Deine Telefonnummer unterdr\u00fccken; auch ist es m\u00f6glich, dass Du anhand Deiner Stimme identifiziert werden kannst. Wir empfehlen daher die schriftliche Meldung von Vorf\u00e4llen.<\/p>\n<p>Dieser Weg, einen Hinweis zu geben, entspricht der \u201eEU Richtlinie zum Schutz von Personen, die Verst\u00f6\u00dfe gegen das Unionsrecht melden\u201c und verpflichtet die Unternehmensleitung, allen Hinweisen, auch anonymen, nachzugehen.    <\/div>\n                <div class=\"btn-wrapper\">\n                <div class=\"btn \">\n                    <a href=\"https:\/\/sits-compliance.eu\/#\/\" class=\"btn-text\" target=\"_blank\">Vorfall melden<\/a>\n                    <div><\/div>\n                <\/div>\n            <\/div>\n        <\/div>\n<div class=\"text_bild_bild spiegeln\">\n    <div class=\"img\">\n        <img loading=\"lazy\" decoding=\"async\" width=\"1334\" height=\"1440\" src=\"https:\/\/sits.friendventure.dev\/wp-content\/uploads\/2024\/04\/WhyElement2-1.jpg\" class=\"img\" alt=\"\" srcset=\"https:\/\/sits.friendventure.dev\/wp-content\/uploads\/2024\/04\/WhyElement2-1.jpg 1334w, https:\/\/sits.friendventure.dev\/wp-content\/uploads\/2024\/04\/WhyElement2-1-278x300.jpg 278w, https:\/\/sits.friendventure.dev\/wp-content\/uploads\/2024\/04\/WhyElement2-1-949x1024.jpg 949w, https:\/\/sits.friendventure.dev\/wp-content\/uploads\/2024\/04\/WhyElement2-1-768x829.jpg 768w\" sizes=\"auto, (max-width: 1334px) 100vw, 1334px\" \/>    <\/div>\n<\/div>\n<\/div><div class=\"smx_global_spacer size-l\"><\/div>\n[\/vc_column][\/vc_row][vc_row][vc_column]<div class=\"text_bild_element\">\n    <div class=\"text_bild_text  fade-in-bottom-top\">\n                <div class=\"headline\">\n            <div class=\"h2 smx-headline\">\n            Unsere Erwartungen an unsere Gesch\u00e4ftspartner        <\/div>\n    <\/div>\n    <div class=\"subheadline\">\n            <\/div>\n    <div class=\"text\">\n        Die SITS verpflichtet sich zu verantwortungsbewussten Gesch\u00e4ftspraktiken und zur F\u00fchrung von Gesch\u00e4ften nach den h\u00f6chsten ethischen Standards. Wir m\u00f6chten stabile und ehrliche Gesch\u00e4ftsbeziehungen mit all unseren Gesch\u00e4ftspartner*innen unterhalten, einschlie\u00dflich Lieferant*innen, Berater*innen, Vertreter*innen sowie Kund*innen. Wir erwarten von unseren Gesch\u00e4ftspartner*innen, dass sie sich die nachstehenden Grunds\u00e4tze zu eigen machen, um die \u00dcbereinstimmung mit den Verpflichtungen der SITS Group zur sozialen Verantwortung zu gew\u00e4hrleisten.    <\/div>\n                <div class=\"btn-wrapper\">\n                <div class=\"btn \">\n                    <a href=\"https:\/\/web.sits.com\/hubfs\/Media\/docs\/SITS_Responsible-Business-Partner-Policy-incl.-ILO-Standards_DE.pdf\" class=\"btn-text\" target=\"_blank\">Jetzt downloaden<\/a>\n                    <div><\/div>\n                <\/div>\n            <\/div>\n        <\/div>\n<div class=\"text_bild_bild \">\n    <div class=\"img\">\n        <img loading=\"lazy\" decoding=\"async\" width=\"1334\" height=\"1440\" src=\"https:\/\/sits.friendventure.dev\/wp-content\/uploads\/2024\/04\/WhyElement3.jpg\" class=\"img\" alt=\"\" srcset=\"https:\/\/sits.friendventure.dev\/wp-content\/uploads\/2024\/04\/WhyElement3.jpg 1334w, https:\/\/sits.friendventure.dev\/wp-content\/uploads\/2024\/04\/WhyElement3-278x300.jpg 278w, https:\/\/sits.friendventure.dev\/wp-content\/uploads\/2024\/04\/WhyElement3-949x1024.jpg 949w, https:\/\/sits.friendventure.dev\/wp-content\/uploads\/2024\/04\/WhyElement3-768x829.jpg 768w\" sizes=\"auto, (max-width: 1334px) 100vw, 1334px\" \/>    <\/div>\n<\/div>\n<\/div><div class=\"smx_global_spacer size-l\"><\/div>\n[\/vc_column][\/vc_row][vc_row][vc_column]<div class=\"text_bild_element\">\n    <div class=\"text_bild_text spiegeln fade-in-bottom-top\">\n                <div class=\"headline\">\n            <div class=\"h2 smx-headline\">\n            Nachhaltigkeit bei der SITS        <\/div>\n    <\/div>\n    <div class=\"subheadline\">\n            <\/div>\n    <div class=\"text\">\n        <strong>Nachhaltigkeit ist ein fester Bestandteil unserer Unternehmensstrategie,<\/strong> und wir setzen uns aktiv f\u00fcr umweltfreundliche, ethische und soziale Gesch\u00e4ftspraktiken ein. Im Januar 2025 wurden wir mit der <strong>EcoVadis Bronze-Medaille <\/strong>ausgezeichnet, die unsere Nachhaltigkeitsbem\u00fchungen best\u00e4tigt. Unser Ziel ist es, uns kontinuierlich zu verbessern und unsere Nachhaltigkeitsstrategie stetig weiterzuentwickeln. Dabei legen wir besonderen Wert auf Transparenz, ethisches Handeln und langfristige Verantwortung.    <\/div>\n                <div class=\"btn-wrapper\">\n                <div class=\"btn \">\n                    <a href=\"https:\/\/sits.com\/ch\/ecovadis\/\" class=\"btn-text\" target=\"_blank\">Hier mehr erfahren<\/a>\n                    <div><\/div>\n                <\/div>\n            <\/div>\n        <\/div>\n<div class=\"text_bild_bild spiegeln\">\n    <div class=\"img\">\n        <img loading=\"lazy\" decoding=\"async\" width=\"1600\" height=\"1033\" src=\"https:\/\/sits.friendventure.dev\/wp-content\/uploads\/2025\/03\/WhatElement3.jpg\" class=\"img\" alt=\"\" srcset=\"https:\/\/sits.friendventure.dev\/wp-content\/uploads\/2025\/03\/WhatElement3.jpg 1600w, https:\/\/sits.friendventure.dev\/wp-content\/uploads\/2025\/03\/WhatElement3-300x194.jpg 300w, https:\/\/sits.friendventure.dev\/wp-content\/uploads\/2025\/03\/WhatElement3-1024x661.jpg 1024w, https:\/\/sits.friendventure.dev\/wp-content\/uploads\/2025\/03\/WhatElement3-768x496.jpg 768w, https:\/\/sits.friendventure.dev\/wp-content\/uploads\/2025\/03\/WhatElement3-1536x992.jpg 1536w\" sizes=\"auto, (max-width: 1600px) 100vw, 1600px\" \/>    <\/div>\n<\/div>\n<\/div><div class=\"smx_global_spacer size-l\"><\/div>\n[\/vc_column][\/vc_row][vc_row][vc_column]<div class=\"team_section\">\n    <div class=\"team_section_head\">\n        <div class=\"headline h2\">\n            Unser Compliance Team \n        <\/div>\n        <div class=\"subheadline\">\n            Bei uns stehen Transparenz und Offenheit an oberster Stelle. \n        <\/div>\n        <div class=\"text\">\n            Bei uns stehen Transparenz und Offenheit an oberster Stelle. Wir sind davon \u00fcberzeugt, dass nur unter solchen geschaffenen Rahmenbedingungen herausragende Erfolge erzielt werden k\u00f6nnen. \u00dcber die E-Mail Adresse incident@sits-compliance.eu sind wir jederzeit erreichbar. Wer anonym bleiben m\u00f6chte, nutzt bitte die Whistleblower Hotline. \n        <\/div>\n            <div class=\"team-slider-controlls\">\n                <div class=\"team_slider_buttons\">\n                    <div class=\"team_slider_prev\" style=\"\">\n                        <img decoding=\"async\" src=\"\/wp-content\/uploads\/2024\/02\/arrow-black.svg\">\n                    <\/div>\n                    <div class=\"team_slider_next\" style=\"\">\n                        <img decoding=\"async\" src=\"\/wp-content\/uploads\/2024\/02\/arrow-black.svg\">\n                    <\/div>\n                <\/div>\n            <\/div>\n    <\/div>\n    <div class=\"team_section_members\">\n\n                            \n                <div class=\"memberbox memberbox--nr-1 animate_kachel  \">\n                    <div class=\"memberbox__inner\">\n                        <div class=\"memberbox--image\">\n                              <img decoding=\"async\" src=\"https:\/\/sits.friendventure.dev\/wp-content\/uploads\/2024\/04\/Heiner-Luntz.jpg\" alt=\"Heiner Luntz\">                        <\/div>\n                        <div class=\"memberbox--filter\"><\/div>\n                        <div class=\"memberbox--text\">\n                            <div class=\"memberbox--name\">\n                                Heiner Luntz                            <\/div>\n                            <div class=\"memberbox--stelle\">\n                                CFO & COO                            <\/div>\n                        <\/div>\n                        \n                        \n                    <\/div>\n                <\/div>\n                            \n                <div class=\"memberbox memberbox--nr-2 animate_kachel  \">\n                    <div class=\"memberbox__inner\">\n                        <div class=\"memberbox--image\">\n                              <img decoding=\"async\" src=\"https:\/\/sits.friendventure.dev\/wp-content\/uploads\/2024\/04\/Axel.jpg\" alt=\"Axel Zahn\">                        <\/div>\n                        <div class=\"memberbox--filter\"><\/div>\n                        <div class=\"memberbox--text\">\n                            <div class=\"memberbox--name\">\n                                Axel Zahn                            <\/div>\n                            <div class=\"memberbox--stelle\">\n                                Compliance Officer                            <\/div>\n                        <\/div>\n                        \n                        \n                    <\/div>\n                <\/div>\n            \n    <\/div>\n<\/div><div class=\"smx_global_spacer size-l\"><\/div>\n[\/vc_column][\/vc_row]<\/p>\n<\/section>","protected":false},"excerpt":{"rendered":"<p>[vc_row full_width=&#187;stretch_row_content_no_spaces&#187; el_id=&#187;header&#187;][vc_column][\/vc_column][\/vc_row][vc_row][vc_column][\/vc_column][\/vc_row][vc_row][vc_column][\/vc_column][\/vc_row][vc_row][vc_column][\/vc_column][\/vc_row][vc_row][vc_column][\/vc_column][\/vc_row][vc_row][vc_column][\/vc_column][\/vc_row]<\/p>\n","protected":false},"author":3,"featured_media":0,"parent":0,"menu_order":0,"comment_status":"closed","ping_status":"closed","template":"","meta":{"inline_featured_image":false,"footnotes":""},"class_list":["post-11340","page","type-page","status-publish","hentry"],"acf":[],"yoast_head":"<!-- This site is optimized with the Yoast SEO plugin v24.9 - https:\/\/yoast.com\/wordpress\/plugins\/seo\/ -->\n<title>SITS Compliance | SITS<\/title>\n<meta name=\"description\" content=\"SITS Compliance \u00bb Jetzt informieren!\" \/>\n<meta name=\"robots\" content=\"noindex, follow, max-snippet:-1, max-image-preview:large, max-video-preview:-1\" \/>\n<meta property=\"og:locale\" content=\"de_DE\" \/>\n<meta property=\"og:type\" content=\"article\" \/>\n<meta property=\"og:title\" content=\"SITS Compliance | SITS\" \/>\n<meta property=\"og:description\" content=\"SITS Compliance \u00bb Jetzt informieren!\" \/>\n<meta property=\"og:url\" content=\"https:\/\/sits.friendventure.dev\/ch\/compliance\/\" \/>\n<meta property=\"og:site_name\" content=\"SITS\" \/>\n<meta property=\"article:modified_time\" content=\"2025-03-12T10:20:47+00:00\" \/>\n<meta name=\"twitter:card\" content=\"summary_large_image\" \/>\n<meta name=\"twitter:label1\" content=\"Gesch\u00e4tzte Lesezeit\" \/>\n\t<meta name=\"twitter:data1\" content=\"4 Minuten\" \/>\n<script type=\"application\/ld+json\" class=\"yoast-schema-graph\">{\"@context\":\"https:\/\/schema.org\",\"@graph\":[{\"@type\":\"WebPage\",\"@id\":\"https:\/\/sits.friendventure.dev\/ch\/compliance\/\",\"url\":\"https:\/\/sits.friendventure.dev\/ch\/compliance\/\",\"name\":\"SITS Compliance | SITS\",\"isPartOf\":{\"@id\":\"https:\/\/sits.friendventure.dev\/ch\/#website\"},\"datePublished\":\"2024-04-24T12:27:16+00:00\",\"dateModified\":\"2025-03-12T10:20:47+00:00\",\"description\":\"SITS Compliance \u00bb Jetzt informieren!\",\"breadcrumb\":{\"@id\":\"https:\/\/sits.friendventure.dev\/ch\/compliance\/#breadcrumb\"},\"inLanguage\":\"de-CH\",\"potentialAction\":[{\"@type\":\"ReadAction\",\"target\":[\"https:\/\/sits.friendventure.dev\/ch\/compliance\/\"]}]},{\"@type\":\"BreadcrumbList\",\"@id\":\"https:\/\/sits.friendventure.dev\/ch\/compliance\/#breadcrumb\",\"itemListElement\":[{\"@type\":\"ListItem\",\"position\":1,\"name\":\"Startseite\",\"item\":\"https:\/\/sits.friendventure.dev\/ch\/\"},{\"@type\":\"ListItem\",\"position\":2,\"name\":\"SITS Compliance\"}]},{\"@type\":\"WebSite\",\"@id\":\"https:\/\/sits.friendventure.dev\/ch\/#website\",\"url\":\"https:\/\/sits.friendventure.dev\/ch\/\",\"name\":\"SITS\",\"description\":\"\",\"publisher\":{\"@id\":\"https:\/\/sits.friendventure.dev\/ch\/#organization\"},\"potentialAction\":[{\"@type\":\"SearchAction\",\"target\":{\"@type\":\"EntryPoint\",\"urlTemplate\":\"https:\/\/sits.friendventure.dev\/ch\/?s={search_term_string}\"},\"query-input\":{\"@type\":\"PropertyValueSpecification\",\"valueRequired\":true,\"valueName\":\"search_term_string\"}}],\"inLanguage\":\"de-CH\"},{\"@type\":\"Organization\",\"@id\":\"https:\/\/sits.friendventure.dev\/ch\/#organization\",\"name\":\"SITS\",\"url\":\"https:\/\/sits.friendventure.dev\/ch\/\",\"logo\":{\"@type\":\"ImageObject\",\"inLanguage\":\"de-CH\",\"@id\":\"https:\/\/sits.friendventure.dev\/ch\/#\/schema\/logo\/image\/\",\"url\":\"https:\/\/sits.friendventure.dev\/wp-content\/uploads\/2024\/04\/sits-logo-new.svg\",\"contentUrl\":\"https:\/\/sits.friendventure.dev\/wp-content\/uploads\/2024\/04\/sits-logo-new.svg\",\"width\":557,\"height\":322,\"caption\":\"SITS\"},\"image\":{\"@id\":\"https:\/\/sits.friendventure.dev\/ch\/#\/schema\/logo\/image\/\"}}]}<\/script>\n<!-- \/ Yoast SEO plugin. -->","yoast_head_json":{"title":"SITS Compliance | SITS","description":"SITS Compliance \u00bb Jetzt informieren!","robots":{"index":"noindex","follow":"follow","max-snippet":"max-snippet:-1","max-image-preview":"max-image-preview:large","max-video-preview":"max-video-preview:-1"},"og_locale":"de_DE","og_type":"article","og_title":"SITS Compliance | SITS","og_description":"SITS Compliance \u00bb Jetzt informieren!","og_url":"https:\/\/sits.friendventure.dev\/ch\/compliance\/","og_site_name":"SITS","article_modified_time":"2025-03-12T10:20:47+00:00","twitter_card":"summary_large_image","twitter_misc":{"Gesch\u00e4tzte Lesezeit":"4 Minuten"},"schema":{"@context":"https:\/\/schema.org","@graph":[{"@type":"WebPage","@id":"https:\/\/sits.friendventure.dev\/ch\/compliance\/","url":"https:\/\/sits.friendventure.dev\/ch\/compliance\/","name":"SITS Compliance | SITS","isPartOf":{"@id":"https:\/\/sits.friendventure.dev\/ch\/#website"},"datePublished":"2024-04-24T12:27:16+00:00","dateModified":"2025-03-12T10:20:47+00:00","description":"SITS Compliance \u00bb Jetzt informieren!","breadcrumb":{"@id":"https:\/\/sits.friendventure.dev\/ch\/compliance\/#breadcrumb"},"inLanguage":"de-CH","potentialAction":[{"@type":"ReadAction","target":["https:\/\/sits.friendventure.dev\/ch\/compliance\/"]}]},{"@type":"BreadcrumbList","@id":"https:\/\/sits.friendventure.dev\/ch\/compliance\/#breadcrumb","itemListElement":[{"@type":"ListItem","position":1,"name":"Startseite","item":"https:\/\/sits.friendventure.dev\/ch\/"},{"@type":"ListItem","position":2,"name":"SITS Compliance"}]},{"@type":"WebSite","@id":"https:\/\/sits.friendventure.dev\/ch\/#website","url":"https:\/\/sits.friendventure.dev\/ch\/","name":"SITS","description":"","publisher":{"@id":"https:\/\/sits.friendventure.dev\/ch\/#organization"},"potentialAction":[{"@type":"SearchAction","target":{"@type":"EntryPoint","urlTemplate":"https:\/\/sits.friendventure.dev\/ch\/?s={search_term_string}"},"query-input":{"@type":"PropertyValueSpecification","valueRequired":true,"valueName":"search_term_string"}}],"inLanguage":"de-CH"},{"@type":"Organization","@id":"https:\/\/sits.friendventure.dev\/ch\/#organization","name":"SITS","url":"https:\/\/sits.friendventure.dev\/ch\/","logo":{"@type":"ImageObject","inLanguage":"de-CH","@id":"https:\/\/sits.friendventure.dev\/ch\/#\/schema\/logo\/image\/","url":"https:\/\/sits.friendventure.dev\/wp-content\/uploads\/2024\/04\/sits-logo-new.svg","contentUrl":"https:\/\/sits.friendventure.dev\/wp-content\/uploads\/2024\/04\/sits-logo-new.svg","width":557,"height":322,"caption":"SITS"},"image":{"@id":"https:\/\/sits.friendventure.dev\/ch\/#\/schema\/logo\/image\/"}}]}},"_links":{"self":[{"href":"https:\/\/sits.friendventure.dev\/ch\/wp-json\/wp\/v2\/pages\/11340","targetHints":{"allow":["GET"]}}],"collection":[{"href":"https:\/\/sits.friendventure.dev\/ch\/wp-json\/wp\/v2\/pages"}],"about":[{"href":"https:\/\/sits.friendventure.dev\/ch\/wp-json\/wp\/v2\/types\/page"}],"author":[{"embeddable":true,"href":"https:\/\/sits.friendventure.dev\/ch\/wp-json\/wp\/v2\/users\/3"}],"replies":[{"embeddable":true,"href":"https:\/\/sits.friendventure.dev\/ch\/wp-json\/wp\/v2\/comments?post=11340"}],"version-history":[{"count":17,"href":"https:\/\/sits.friendventure.dev\/ch\/wp-json\/wp\/v2\/pages\/11340\/revisions"}],"predecessor-version":[{"id":20649,"href":"https:\/\/sits.friendventure.dev\/ch\/wp-json\/wp\/v2\/pages\/11340\/revisions\/20649"}],"wp:attachment":[{"href":"https:\/\/sits.friendventure.dev\/ch\/wp-json\/wp\/v2\/media?parent=11340"}],"curies":[{"name":"wp","href":"https:\/\/api.w.org\/{rel}","templated":true}]}}